{"id":17131,"date":"2020-11-19T16:37:44","date_gmt":"2020-11-19T16:37:44","guid":{"rendered":"https:\/\/ceaelectronica.com\/inicio\/"},"modified":"2024-06-06T16:05:21","modified_gmt":"2024-06-06T16:05:21","slug":"inicio","status":"publish","type":"page","link":"https:\/\/ceaelectronica.com\/pt-br\/","title":{"rendered":"Inicio"},"content":{"rendered":"<div class=\"wpb-content-wrapper\"><p>[vc_row full_width=&#8221;stretch_row_content_no_spaces&#8221;][vc_column][rev_slider_vc alias=&#8221;inicio-1&#8243;][\/vc_column][\/vc_row][vc_row full_width=&#8221;stretch_row&#8221;][vc_column][vc_empty_space height=&#8221;60px&#8221;][\/vc_column][\/vc_row][vc_row full_width=&#8221;stretch_row&#8221; parallax=&#8221;content-moving&#8221; el_class=&#8221;bg-overlay&#8221; css=&#8221;.vc_custom_1535343874844{padding-top: 0px !important;padding-bottom: 0px !important;}&#8221;][vc_column width=&#8221;1\/2&#8243;][vc_single_image image=&#8221;17564&#8243; img_size=&#8221;large&#8221; onclick=&#8221;custom_link&#8221; link=&#8221;https:\/\/ceaelectronica.com\/pt-br\/produtos-cea\/fullcomm\/&#8221;][\/vc_column][vc_column width=&#8221;1\/2&#8243; css=&#8221;.vc_custom_1510107300440{background-position: center !important;background-repeat: no-repeat !important;background-size: cover !important;}&#8221; offset=&#8221;vc_col-lg-6 vc_col-md-6&#8243;][vc_single_image image=&#8221;17567&#8243; img_size=&#8221;large&#8221; onclick=&#8221;custom_link&#8221; link=&#8221;https:\/\/ceaelectronica.com\/pt-br\/produtos-cea\/fullprob-usb\/&#8221;][\/vc_column][\/vc_row][vc_row full_width=&#8221;stretch_row&#8221;][vc_column][vc_empty_space height=&#8221;60px&#8221;][\/vc_column][\/vc_row][vc_row full_width=&#8221;stretch_row&#8221;][vc_column][vc_separator color=&#8221;black&#8221;][\/vc_column][\/vc_row][vc_row css=&#8221;.vc_custom_1510163247289{padding-top: 74px !important;padding-bottom: 81px !important;}&#8221;][vc_column width=&#8221;1\/4&#8243;][cms_fancybox_single content_align=&#8221;center&#8221; title_item=&#8221;DESENVOLVIMENTO&#8221; icon_custom=&#8221;lnr-tablet&#8221; description_item=&#8221;Trabalhamos constantemente no desenvolvimento de novas equipes.&#8221; cms_template=&#8221;cms_fancybox_single.php&#8221; image=&#8221;6345&#8243;][\/vc_column][vc_column width=&#8221;1\/4&#8243;][cms_fancybox_single content_align=&#8221;center&#8221; icon_type=&#8221;linecons&#8221; title_item=&#8221;INTERFACE USB&#8221; icon_custom=&#8221;lnr-cloud-sync&#8221; description_item=&#8221;Na CEA, fomos pioneiros para implementar a interface USB no PC.&#8221; cms_template=&#8221;cms_fancybox_single.php&#8221; image=&#8221;6625&#8243;][\/vc_column][vc_column width=&#8221;1\/4&#8243;][cms_fancybox_single content_align=&#8221;center&#8221; icon_type=&#8221;linecons&#8221; title_item=&#8221;FABRICA\u00c7\u00c3O NACIONAL&#8221; icon_custom=&#8221;lnr-cog&#8221; description_item=&#8221;Nossos produtos s\u00e3o fabricados na Argentina. \u00danico no pa\u00eds.&#8221; cms_template=&#8221;cms_fancybox_single.php&#8221; image=&#8221;6621&#8243;][\/vc_column][vc_column width=&#8221;1\/4&#8243;][cms_fancybox_single content_align=&#8221;center&#8221; icon_type=&#8221;linecons&#8221; title_item=&#8221;GARANTIA&#8221; icon_custom=&#8221;lnr-rocket&#8221; description_item=&#8221;Todos os produtos CEA t\u00eam 3 anos de Garantia!&#8221; cms_template=&#8221;cms_fancybox_single.php&#8221; image=&#8221;6629&#8243;][\/vc_column][\/vc_row][vc_row full_width=&#8221;stretch_row&#8221; disable_element=&#8221;yes&#8221; css=&#8221;.vc_custom_1640878968079{background-color: #e8e8e8 !important;}&#8221;][vc_column][vc_empty_space height=&#8221;75px&#8221;][cms_heading hd_title=&#8221;PLANES CEA&#8221; hd_description=&#8221;Adquiriendo nuestros equipos podes acceder a nuestros planes de LABORATORIO VIRTUAL. Para m\u00e1s informaci\u00f3n contactate con nosotros.&#8221; text_align=&#8221;center&#8221; cms_template=&#8221;cms_heading&#8211;layout1.php&#8221;][vc_empty_space height=&#8221;20px&#8221;][cms_pricing cms_template=&#8221;pricing2&#8243; pricing2=&#8221;%5B%7B%22pr2_button_url%22%3A%22%23%22%2C%22pr2_description%22%3A%22%3Cimg%20src%3D%5C%22https%3A%2F%2Fceaelectronica.com%2Fwp-content%2Fuploads%2F2018%2F08%2FACCESO-START.png%5C%22%20%2F%3E%3Cul%3E%3Cli%3EProbador%20de%20Ecus%3C%2Fli%3E%3Cli%3EProbador%20de%20Mariposas%20Motorizadas%3C%2Fli%3E%3Cli%3EAnalizador%20y%20Simulador%20de%20Sensores%3C%2Fli%3E%3Cli%3EProbador%20de%20M%C3%B3dulos%20de%20Encendido%3C%2Fli%3E%3Cli%3EGenerador%20de%20Pulsos%3C%2Fli%3E%3Cli%3EProbador%20de%20Fusibleras%3C%2Fli%3E%3C%2Ful%3E%22%2C%22pr2_content_align%22%3A%22default%22%2C%22pr2_bg_image%22%3A%228858%22%2C%22pr2_feature%22%3A%22no-feature%22%7D%2C%7B%22pr2_button_url%22%3A%22%23%22%2C%22pr2_description%22%3A%22%3Cimg%20src%3D%5C%22https%3A%2F%2Fceaelectronica.com%2Fwp-content%2Fuploads%2F2018%2F08%2FACCESO-FULL.png%5C%22%20%2F%3E%3Cul%3E%3Cli%3EASISTENTES%20DE%20COMUNICACI%C3%93N%20PARA%3A%3C%2Fli%3E%3Cli%3EECU%3C%2Fli%3E%3Cli%3EInmobilizador%3C%2Fli%3E%3Cli%3ETablero%3C%2Fli%3E%3Cli%3EExtras%3C%2Fli%3E%3Cli%3EOBDII%3C%2Fli%3E%3C%2Ful%3E%22%2C%22pr2_content_align%22%3A%22default%22%2C%22pr2_bg_image%22%3A%228857%22%2C%22pr2_feature%22%3A%22no-feature%22%7D%2C%7B%22pr2_button_url%22%3A%22%23%22%2C%22pr2_description%22%3A%22%3Cimg%20src%3D%5C%22https%3A%2F%2Fceaelectronica.com%2Fwp-content%2Fuploads%2F2018%2F08%2FACCESO-PREMIUM.png%5C%22%20%2F%3E%3Cul%3E%3Cli%3ELectura%20de%20Pin%3C%2Fli%3E%3Cli%3EVisualizador%20de%20Archivos%3C%2Fli%3E%3Cli%3ECodificaci%C3%B3n%20de%20Transponders%3C%2Fli%3E%3Cli%3EBytes%20de%20Seguridad%3C%2Fli%3E%3Cli%3EInmo%20Off%3C%2Fli%3E%3Cli%3EArchivos%20V%C3%ADrgenes%3C%2Fli%3E%3C%2Ful%3E%22%2C%22pr2_content_align%22%3A%22default%22%2C%22pr2_bg_image%22%3A%228856%22%2C%22pr2_feature%22%3A%22no-feature%22%7D%5D&#8221;][vc_empty_space height=&#8221;20px&#8221;][cms_button button_text=&#8221;Ingresar&#8221; button_style=&#8221;btn-primary-alt&#8221; button_size=&#8221;btn-md&#8221; cms_template=&#8221;cms_button.php&#8221; el_class=&#8221;cntr btnabrelogin&#8221;][vc_empty_space height=&#8221;100px&#8221;][\/vc_column][\/vc_row][vc_row full_width=&#8221;stretch_row_content_no_spaces&#8221; equal_height=&#8221;yes&#8221;][vc_column css=&#8221;.vc_custom_1510098004107{padding-top: 0px !important;}&#8221; offset=&#8221;vc_col-lg-4 vc_col-md-4&#8243;][cms_fancybox_single title_item=&#8221;MISS\u00c3O&#8221; f_number=&#8221;01.&#8221; f_number_color=&#8221;rgba(255,255,255,0.3)&#8221; f_title_color=&#8221;#ffffff&#8221; f_content_color=&#8221;#ffffff&#8221; f_style_bg=&#8221;bg-overlay&#8221; f_style=&#8221;style-2&#8243; cms_template=&#8221;cms_fancybox_single&#8211;layout5.php&#8221; description_item=&#8221;A fabrica\u00e7\u00e3o e distribui\u00e7\u00e3o de equipamentos de diagn\u00f3stico direto, a constante forma\u00e7\u00e3o t\u00e9cnica especializada em toda a regi\u00e3o, e o servi\u00e7o t\u00e9cnico de repara\u00e7\u00e3o e programa\u00e7\u00e3o, constituem a base da nossa oferta integral de qualidade, prestada ao mercado da eletr\u00f3nica autom\u00f3vel.&#8221; f_bg_color=&#8221;#97b98e&#8221;][\/vc_column][vc_column css=&#8221;.vc_custom_1480305210901{padding-top: 0px !important;}&#8221; offset=&#8221;vc_col-lg-4 vc_col-md-4&#8243;][cms_fancybox_single title_item=&#8221;VIS\u00c3O&#8221; f_number=&#8221;02.&#8221; f_number_color=&#8221;rgba(255,255,255,0.1)&#8221; f_title_color=&#8221;#ffffff&#8221; f_content_color=&#8221;#ffffff&#8221; f_style_bg=&#8221;bg-overlay&#8221; f_style=&#8221;style-2&#8243; cms_template=&#8221;cms_fancybox_single&#8211;layout5.php&#8221; description_item=&#8221;A nossa perspetiva \u00e9 sermos l\u00edderes nacionais e internacionais no fabrico, desenvolvimento e atualiza\u00e7\u00e3o de produtos eletr\u00f3nicos autom\u00f3veis, destacando a forma\u00e7\u00e3o t\u00e9cnica como valor acrescentado.&#8221; f_bg_color=&#8221;rgba(5,167,183,0.8)&#8221;][\/vc_column][vc_column css=&#8221;.vc_custom_1510097995030{padding-top: 0px !important;}&#8221; offset=&#8221;vc_col-lg-4 vc_col-md-4&#8243;][cms_fancybox_single title_item=&#8221;VALORES&#8221; f_number=&#8221;03.&#8221; f_number_color=&#8221;rgba(255,255,255,0.1)&#8221; f_title_color=&#8221;#ffffff&#8221; f_content_color=&#8221;#ffffff&#8221; f_style_bg=&#8221;bg-overlay&#8221; f_style=&#8221;style-2&#8243; cms_template=&#8221;cms_fancybox_single&#8211;layout5.php&#8221; description_item=&#8221;A integridade e a \u00e9tica profissional que caracterizam o capital humano da empresa geram o desenvolvimento de um servi\u00e7o de confian\u00e7a, baseado na transpar\u00eancia e na satisfa\u00e7\u00e3o do cliente.&#8221; f_bg_color=&#8221;rgba(5,112,139,0.8)&#8221;][\/vc_column][\/vc_row][vc_row full_width=&#8221;stretch_row&#8221; css=&#8221;.vc_custom_1479718199378{background-color: #f9f9f9 !important;}&#8221;][vc_column][vc_empty_space height=&#8221;75px&#8221;][cms_heading hd_title=&#8221;ESPECIALISTAS EM ELETR\u00d4NICOS AUTOMOTIVOS&#8221; text_align=&#8221;center&#8221; cms_template=&#8221;cms_heading&#8211;layout4.php&#8221;][vc_empty_space height=&#8221;100px&#8221;][\/vc_column][\/vc_row][vc_row full_width=&#8221;stretch_row&#8221; parallax=&#8221;content-moving&#8221; css=&#8221;.vc_custom_1584468072141{padding-top: 40px !important;background-color: #222222 !important;background-position: center;background-repeat: no-repeat !important;background-size: cover !important;}&#8221;][vc_column offset=&#8221;vc_col-lg-6 vc_col-md-6&#8243;][vc_empty_space height=&#8221;38px&#8221;][cms_heading hd_title=&#8221;FullProb&#8221; hd_title_color=&#8221;#ffffff&#8221; hd_description=&#8221;O FullProb inaugurou um conceito de diagn\u00f3stico compacto, com conex\u00e3o USB ao PC e software de navega\u00e7\u00e3o intuitivo.<br \/>\nPode ser exibido um painel de medi\u00e7\u00e3o de valores m\u00e1ximos e m\u00ednimos em tempo real das vari\u00e1veis medidas tanto nas ECUs quanto nas borboletas motorizadas.&#8221; hd_style=&#8221;style3&#8243; cms_template=&#8221;cms_heading&#8211;layout3.php&#8221;][cms_button button_text=&#8221;CONTATO&#8221; link_button=&#8221;url:https%3A%2F%2Fceaelectronica.com%2Fpt-br%2Fcontato%2F|title:Contato&#8221; button_style=&#8221;btn-white-alt&#8221; button_size=&#8221;btn-md&#8221; cms_template=&#8221;cms_button.php&#8221;][vc_empty_space height=&#8221;20px&#8221;][\/vc_column][vc_column offset=&#8221;vc_col-lg-6 vc_col-md-6&#8243;][vc_single_image image=&#8221;8180&#8243; img_size=&#8221;full&#8221;][\/vc_column][\/vc_row][vc_row full_width=&#8221;stretch_row&#8221;][vc_column][vc_empty_space height=&#8221;100px&#8221;][\/vc_column][\/vc_row][vc_row full_width=&#8221;stretch_row&#8221;][vc_column][vc_separator color=&#8221;black&#8221;][\/vc_column][\/vc_row][vc_row full_width=&#8221;stretch_row&#8221; content_placement=&#8221;top&#8221; css=&#8221;.vc_custom_1605810375232{background-color: #ffffff !important;}&#8221;][vc_column css=&#8221;.vc_custom_1605825651575{padding-top: 25px !important;padding-bottom: 25px !important;}&#8221;][vc_single_image image=&#8221;17557&#8243; img_size=&#8221;310&#215;58&#8243;][\/vc_column][\/vc_row][vc_row full_width=&#8221;stretch_row&#8221; css=&#8221;.vc_custom_1605825619132{margin-top: 0px !important;padding-top: 0px !important;}&#8221;][vc_column css=&#8221;.vc_custom_1605825779028{margin-top: 0px !important;margin-bottom: 0px !important;padding-top: 0px !important;padding-bottom: 0px !important;}&#8221;][vc_separator color=&#8221;black&#8221; css=&#8221;.vc_custom_1605825613247{margin-top: 0px !important;padding-top: 0px !important;}&#8221;][\/vc_column][\/vc_row][vc_row full_width=&#8221;stretch_row&#8221; content_placement=&#8221;top&#8221; css=&#8221;.vc_custom_1605807013246{margin-top: 10px !important;margin-bottom: 10px !important;background-color: #ffffff !important;}&#8221;][vc_column][vc_single_image image=&#8221;12931&#8243; img_size=&#8221;full&#8221; el_class=&#8221;hidemobile&#8221;][vc_single_image image=&#8221;12932&#8243; img_size=&#8221;full&#8221; el_class=&#8221;hidedesktop&#8221;][\/vc_column][\/vc_row][vc_row full_width=&#8221;stretch_row&#8221;][vc_column][vc_separator color=&#8221;black&#8221;][\/vc_column][\/vc_row][vc_row full_width=&#8221;stretch_row&#8221; css=&#8221;.vc_custom_1605806736850{margin-top: 12px !important;}&#8221;][vc_column][vc_custom_heading text=&#8221;FullProb presente nos seguintes pa\u00edses&#8221; font_container=&#8221;tag:h2|font_size:20px|text_align:left|color:%230a0000|line_height:28px&#8221; use_theme_fonts=&#8221;yes&#8221;][\/vc_column][\/vc_row][vc_row full_width=&#8221;stretch_row&#8221;][vc_column css=&#8221;.vc_custom_1605826184420{margin-bottom: 35px !important;}&#8221;][vc_separator color=&#8221;black&#8221;][\/vc_column][\/vc_row][vc_row full_width=&#8221;stretch_row&#8221; content_placement=&#8221;top&#8221; css=&#8221;.vc_custom_1605830685624{margin-bottom: 110px !important;background-color: #ffffff !important;}&#8221;][vc_column width=&#8221;1\/6&#8243; css=&#8221;.vc_custom_1605829733942{margin-top: 0px !important;margin-bottom: 5px !important;padding-top: 0px !important;padding-bottom: 0px !important;}&#8221;][vc_custom_heading text=&#8221;Am\u00e9rica do Norte&#8221; font_container=&#8221;tag:h6|font_size:20px|text_align:left|color:%230a0000|line_height:28px&#8221; use_theme_fonts=&#8221;yes&#8221;][cms_list list_style=&#8221;list-style2&#8243; cms_list=&#8221;%5B%7B%22cms_list_item%22%3A%22Estados%20Unidos.%22%7D%5D&#8221;][vc_empty_space height=&#8221;20px&#8221; el_class=&#8221;hidemobile&#8221;][\/vc_column][vc_column width=&#8221;1\/6&#8243; css=&#8221;.vc_custom_1605829741265{margin-top: 0px !important;margin-bottom: 5px !important;padding-top: 0px !important;padding-bottom: 0px !important;}&#8221;][vc_custom_heading text=&#8221;Am\u00e9rica Central&#8221; font_container=&#8221;tag:h6|font_size:20px|text_align:left|color:%230a0000|line_height:28px&#8221; use_theme_fonts=&#8221;yes&#8221;][cms_list list_style=&#8221;list-style2&#8243; cms_list=&#8221;%5B%7B%22cms_list_item%22%3A%22Costa%20Rica.%22%7D%2C%7B%22cms_list_item%22%3A%22Guatemala.%22%7D%2C%7B%22cms_list_item%22%3A%22M%C3%A9xico.%22%7D%2C%7B%22cms_list_item%22%3A%22Panama.%22%7D%5D&#8221;][vc_empty_space height=&#8221;20px&#8221; el_class=&#8221;hidemobile&#8221;][\/vc_column][vc_column width=&#8221;1\/6&#8243; css=&#8221;.vc_custom_1605829745867{margin-top: 0px !important;margin-bottom: 5px !important;padding-top: 0px !important;padding-bottom: 0px !important;}&#8221;][vc_custom_heading text=&#8221;Am\u00e9rica do Sul&#8221; font_container=&#8221;tag:h6|font_size:20px|text_align:left|color:%230a0000|line_height:28px&#8221; use_theme_fonts=&#8221;yes&#8221;][cms_list list_style=&#8221;list-style2&#8243; cms_list=&#8221;%5B%7B%22cms_list_item%22%3A%22Argentina.%22%7D%2C%7B%22cms_list_item%22%3A%22Bolivia.%22%7D%2C%7B%22cms_list_item%22%3A%22Brasil.%22%7D%2C%7B%22cms_list_item%22%3A%22Chile.%22%7D%2C%7B%22cms_list_item%22%3A%22Col%C3%B4mbia.%22%7D%2C%7B%22cms_list_item%22%3A%22Equador.%22%7D%2C%7B%22cms_list_item%22%3A%22Uruguai.%22%7D%2C%7B%22cms_list_item%22%3A%22Paraguai.%22%7D%2C%7B%22cms_list_item%22%3A%22Per%C3%BA.%22%7D%2C%7B%22cms_list_item%22%3A%22Venezuela.%22%7D%5D&#8221;][vc_empty_space height=&#8221;20px&#8221; el_class=&#8221;hidemobile&#8221;][\/vc_column][vc_column width=&#8221;1\/6&#8243; css=&#8221;.vc_custom_1605829753294{margin-top: 0px !important;margin-bottom: 5px !important;padding-top: 0px !important;padding-bottom: 0px !important;}&#8221;][vc_custom_heading text=&#8221;Europa&#8221; font_container=&#8221;tag:h6|font_size:20px|text_align:left|color:%230a0000|line_height:28px&#8221; use_theme_fonts=&#8221;yes&#8221;][cms_list list_style=&#8221;list-style2&#8243; cms_list=&#8221;%5B%7B%22cms_list_item%22%3A%22Alemanha.%22%7D%2C%7B%22cms_list_item%22%3A%22Espanha.%22%7D%2C%7B%22cms_list_item%22%3A%22Fran%C3%A7a.%22%7D%2C%7B%22cms_list_item%22%3A%22Inglaterra.%22%7D%2C%7B%22cms_list_item%22%3A%22It%C3%A1lia.%22%7D%2C%7B%22cms_list_item%22%3A%22Portugal.%22%7D%2C%7B%22cms_list_item%22%3A%22Ucr%C3%A2nia.%22%7D%2C%7B%22cms_list_item%22%3A%22T%C3%BCrkiye.%22%7D%5D&#8221;][vc_empty_space height=&#8221;20px&#8221; el_class=&#8221;hidemobile&#8221;][\/vc_column][vc_column width=&#8221;1\/6&#8243; css=&#8221;.vc_custom_1605830310183{margin-top: 0px !important;margin-bottom: 0px !important;padding-top: 0px !important;padding-bottom: 0px !important;}&#8221;][vc_custom_heading text=&#8221;\u00c1frica&#8221; font_container=&#8221;tag:h6|font_size:20px|text_align:left|color:%230a0000|line_height:28px&#8221; use_theme_fonts=&#8221;yes&#8221;][cms_list list_style=&#8221;list-style2&#8243; cms_list=&#8221;%5B%7B%22cms_list_item%22%3A%22%C3%81frica%20do%20Sul.%20%22%7D%5D&#8221;][vc_empty_space height=&#8221;20px&#8221; el_class=&#8221;hidemobile&#8221;][\/vc_column][vc_column width=&#8221;1\/6&#8243; css=&#8221;.vc_custom_1648571025601{margin-top: 0px !important;margin-bottom: 0px !important;padding-top: 0px !important;padding-bottom: 0px !important;}&#8221;][vc_custom_heading text=&#8221;\u00c1sia&#8221; font_container=&#8221;tag:h6|font_size:20px|text_align:left|color:%230a0000|line_height:28px&#8221; use_theme_fonts=&#8221;yes&#8221;][cms_list list_style=&#8221;list-style2&#8243; cms_list=&#8221;%5B%7B%22cms_list_item%22%3A%22Birm%C3%A2nia.%20%22%7D%2C%7B%22cms_list_item%22%3A%22T%C3%BCrkiye.%22%7D%5D&#8221;][vc_empty_space height=&#8221;20px&#8221; el_class=&#8221;hidemobile&#8221;][\/vc_column][\/vc_row][vc_row full_width=&#8221;stretch_row&#8221; content_placement=&#8221;top&#8221; css=&#8221;.vc_custom_1527099778776{padding-top: -200px !important;padding-bottom: 18px !important;background-color: #f9f9f9 !important;}&#8221;][vc_column][vc_empty_space height=&#8221;47px&#8221;][\/vc_column][\/vc_row][vc_row full_width=&#8221;stretch_row&#8221; content_placement=&#8221;top&#8221; css=&#8221;.vc_custom_1717687855570{background-color: #f9f9f9 !important;}&#8221;][vc_column][vc_single_image image=&#8221;17560&#8243; img_size=&#8221;full&#8221; onclick=&#8221;custom_link&#8221; link=&#8221;https:\/\/ceaelectronica.com\/pt-br\/produtos-cea\/&#8221;][\/vc_column][\/vc_row][vc_row full_width=&#8221;stretch_row&#8221; parallax=&#8221;content-moving&#8221; el_class=&#8221;bg-overlay&#8221; css=&#8221;.vc_custom_1543527108127{padding-top: 0px !important;padding-bottom: 0px !important;background-color: #f9f9f9 !important;}&#8221;][vc_column width=&#8221;1\/2&#8243; css=&#8221;.vc_custom_1510107300440{background-position: center !important;background-repeat: no-repeat !important;background-size: cover !important;}&#8221; offset=&#8221;vc_col-lg-6 vc_col-md-6&#8243;][cms_videopopup video_url=&#8221;https:\/\/www.youtube.com\/watch?v=XVs7NB-uLgs&#8221; video_intro=&#8221;17571&#8243;][\/vc_column][vc_column width=&#8221;1\/2&#8243;][cms_videopopup video_url=&#8221;https:\/\/www.youtube.com\/watch?v=qeMuRXbRb7w&#8221; video_intro=&#8221;17574&#8243;][\/vc_column][\/vc_row][vc_row full_width=&#8221;stretch_row&#8221; content_placement=&#8221;top&#8221; css=&#8221;.vc_custom_1527099778776{padding-top: -200px !important;padding-bottom: 18px !important;background-color: #f9f9f9 !important;}&#8221;][vc_column][vc_empty_space height=&#8221;82px&#8221;][\/vc_column][\/vc_row][vc_row full_width=&#8221;stretch_row&#8221; parallax=&#8221;content-moving&#8221; parallax_speed_bg=&#8221;1.&#8221; css=&#8221;.vc_custom_1510094863112{background-color: #10adbe !important;background-position: center;background-repeat: no-repeat !important;background-size: cover !important;}&#8221;][vc_column css=&#8221;.vc_custom_1480491028351{padding-top: 0px !important;}&#8221;][cms_cta cta_text=&#8221;Voc\u00ea est\u00e1 interessado em nossos servi\u00e7os? Por favor, entre em contato conosco!&#8221; button_text=&#8221;CONTATO&#8221; link_button=&#8221;url:https%3A%2F%2Fceaelectronica.com%2Fpt-br%2Fcontato%2F|title:Contato&#8221; button_style=&#8221;btn-white-alt&#8221; cms_template=&#8221;cms_cta.php&#8221;][\/vc_column][\/vc_row]<\/p>\n<\/div>","protected":false},"excerpt":{"rendered":"<p>[vc_row full_width=&#8221;stretch_row_content_no_spaces&#8221;][vc_column][rev_slider_vc alias=&#8221;inicio-1&#8243;][\/vc_column][\/vc_row][vc_row full_width=&#8221;stretch_row&#8221;][vc_column][vc_empty_space height=&#8221;60px&#8221;][\/vc_column][\/vc_row][vc_row full_width=&#8221;stretch_row&#8221; parallax=&#8221;content-moving&#8221; el_class=&#8221;bg-overlay&#8221; css=&#8221;.vc_custom_1535343874844{padding-top: 0px !important;padding-bottom: 0px !important;}&#8221;][vc_column width=&#8221;1\/2&#8243;][vc_single_image image=&#8221;17564&#8243; img_size=&#8221;large&#8221; onclick=&#8221;custom_link&#8221; link=&#8221;https:\/\/ceaelectronica.com\/pt-br\/produtos-cea\/fullcomm\/&#8221;][\/vc_column][vc_column width=&#8221;1\/2&#8243; css=&#8221;.vc_custom_1510107300440{background-position: center !important;background-repeat: no-repeat !important;background-size: cover !important;}&#8221; offset=&#8221;vc_col-lg-6 vc_col-md-6&#8243;][vc_single_image image=&#8221;17567&#8243; img_size=&#8221;large&#8221; onclick=&#8221;custom_link&#8221; link=&#8221;https:\/\/ceaelectronica.com\/pt-br\/produtos-cea\/fullprob-usb\/&#8221;][\/vc_column][\/vc_row][vc_row full_width=&#8221;stretch_row&#8221;][vc_column][vc_empty_space height=&#8221;60px&#8221;][\/vc_column][\/vc_row][vc_row full_width=&#8221;stretch_row&#8221;][vc_column][vc_separator color=&#8221;black&#8221;][\/vc_column][\/vc_row][vc_row css=&#8221;.vc_custom_1510163247289{padding-top: 74px !important;padding-bottom: 81px !important;}&#8221;][vc_column width=&#8221;1\/4&#8243;][cms_fancybox_single content_align=&#8221;center&#8221; title_item=&#8221;DESENVOLVIMENTO&#8221; icon_custom=&#8221;lnr-tablet&#8221; description_item=&#8221;Trabalhamos constantemente no desenvolvimento de novas equipes.&#8221; cms_template=&#8221;cms_fancybox_single.php&#8221; image=&#8221;6345&#8243;][\/vc_column][vc_column width=&#8221;1\/4&#8243;][cms_fancybox_single [&hellip;]<\/p>\n","protected":false},"author":104,"featured_media":0,"parent":0,"menu_order":85,"comment_status":"closed","ping_status":"closed","template":"","meta":{"_acf_changed":false,"inline_featured_image":false,"footnotes":""},"class_list":["post-17131","page","type-page","status-publish","hentry"],"acf":[],"aioseo_notices":[],"_links":{"self":[{"href":"https:\/\/ceaelectronica.com\/pt-br\/wp-json\/wp\/v2\/pages\/17131","targetHints":{"allow":["GET"]}}],"collection":[{"href":"https:\/\/ceaelectronica.com\/pt-br\/wp-json\/wp\/v2\/pages"}],"about":[{"href":"https:\/\/ceaelectronica.com\/pt-br\/wp-json\/wp\/v2\/types\/page"}],"author":[{"embeddable":true,"href":"https:\/\/ceaelectronica.com\/pt-br\/wp-json\/wp\/v2\/users\/104"}],"replies":[{"embeddable":true,"href":"https:\/\/ceaelectronica.com\/pt-br\/wp-json\/wp\/v2\/comments?post=17131"}],"version-history":[{"count":12,"href":"https:\/\/ceaelectronica.com\/pt-br\/wp-json\/wp\/v2\/pages\/17131\/revisions"}],"predecessor-version":[{"id":17600,"href":"https:\/\/ceaelectronica.com\/pt-br\/wp-json\/wp\/v2\/pages\/17131\/revisions\/17600"}],"wp:attachment":[{"href":"https:\/\/ceaelectronica.com\/pt-br\/wp-json\/wp\/v2\/media?parent=17131"}],"curies":[{"name":"wp","href":"https:\/\/api.w.org\/{rel}","templated":true}]}}