{"id":17133,"date":"2017-11-08T19:29:58","date_gmt":"2017-11-08T19:29:58","guid":{"rendered":"https:\/\/ceaelectronica.com\/laboratorio\/"},"modified":"2024-06-03T16:56:54","modified_gmt":"2024-06-03T16:56:54","slug":"laboratorio","status":"publish","type":"page","link":"https:\/\/ceaelectronica.com\/pt-br\/laboratorio\/","title":{"rendered":"Laborat\u00f3rio"},"content":{"rendered":"<div class=\"wpb-content-wrapper\"><p>[vc_row full_width=&#8221;stretch_row&#8221; css=&#8221;.vc_custom_1511530005334{background-color: #e8e8e8 !important;}&#8221;][vc_column][vc_column_text]Em nosso laborat\u00f3rio trabalhamos com todos os equipamentos de \u00faltima gera\u00e7\u00e3o para obter o mais alto desempenho no diagn\u00f3stico e reparo de m\u00f3dulos eletr\u00f4nicos como: unidades de controle de motor, fus\u00edveis eletr\u00f4nicos, m\u00f3dulos de pot\u00eancia, m\u00f3dulos de carroceria, m\u00f3dulos de sistema imobilizador, pain\u00e9is de instrumentos, m\u00f3dulos de comunica\u00e7\u00e3o e todos os componentes que comp\u00f5em a arquitetura eletr\u00f4nica dos ve\u00edculos.[\/vc_column_text][\/vc_column][\/vc_row][vc_row full_width=&#8221;stretch_row_content_no_spaces&#8221; css=&#8221;.vc_custom_1511530017487{background-color: #e8e8e8 !important;}&#8221;][vc_column][vc_separator][\/vc_column][\/vc_row][vc_row css=&#8221;.vc_custom_1510163247289{padding-top: 74px !important;padding-bottom: 81px !important;}&#8221;][vc_column width=&#8221;1\/6&#8243;][cms_fancybox_single content_align=&#8221;center&#8221; icon_type=&#8221;openiconic&#8221; icon_openiconic=&#8221;vc-oi vc-oi-ok&#8221; title_item=&#8221;Unidades de controle motor.&#8221; cms_template=&#8221;cms_fancybox_single.php&#8221;][\/vc_column][vc_column width=&#8221;1\/6&#8243;][cms_fancybox_single content_align=&#8221;center&#8221; icon_type=&#8221;openiconic&#8221; icon_openiconic=&#8221;vc-oi vc-oi-ok&#8221; title_item=&#8221;Fusibleras eletr\u00f4nicos.&#8221; cms_template=&#8221;cms_fancybox_single.php&#8221;][\/vc_column][vc_column width=&#8221;1\/6&#8243;][cms_fancybox_single content_align=&#8221;center&#8221; icon_type=&#8221;openiconic&#8221; icon_openiconic=&#8221;vc-oi vc-oi-ok&#8221; title_item=&#8221;M\u00f3dulos de pot\u00eancia.&#8221; cms_template=&#8221;cms_fancybox_single.php&#8221;][\/vc_column][vc_column width=&#8221;1\/6&#8243;][cms_fancybox_single content_align=&#8221;center&#8221; icon_type=&#8221;openiconic&#8221; icon_openiconic=&#8221;vc-oi vc-oi-ok&#8221; title_item=&#8221;M\u00f3dulos corporais.&#8221; cms_template=&#8221;cms_fancybox_single.php&#8221;][\/vc_column][vc_column width=&#8221;1\/6&#8243;][cms_fancybox_single content_align=&#8221;center&#8221; icon_type=&#8221;openiconic&#8221; icon_openiconic=&#8221;vc-oi vc-oi-ok&#8221; title_item=&#8221;M\u00f3dulos de sistemas imobilizadores.&#8221; cms_template=&#8221;cms_fancybox_single.php&#8221;][\/vc_column][vc_column width=&#8221;1\/6&#8243;][cms_fancybox_single content_align=&#8221;center&#8221; icon_type=&#8221;openiconic&#8221; icon_openiconic=&#8221;vc-oi vc-oi-ok&#8221; title_item=&#8221;Cuadros de Instrumentos.&#8221; cms_template=&#8221;cms_fancybox_single.php&#8221;][\/vc_column][\/vc_row][vc_row full_width=&#8221;stretch_row_content_no_spaces&#8221; equal_height=&#8221;yes&#8221; el_class=&#8221;bg-full-color-left labblock&#8221; css=&#8221;.vc_custom_1654330159099{background-color: #e8e8e8 !important;}&#8221;][vc_column el_class=&#8221;reset-pd-xsNO custom-widthNO giraRight&#8221; css=&#8221;.vc_custom_1654329861393{padding-top: 0px !important;}&#8221; offset=&#8221;vc_col-lg-6 vc_col-md-6&#8243;][vc_empty_space height=&#8221;70px&#8221;][cms_heading hd_title=&#8221;SERVI\u00c7OS E REPAROS&#8221; hd_fontsize_title=&#8221;30px&#8221; hd_description=&#8221;Em nosso laborat\u00f3rio, trabalhamos com o estado -o -inteiro equipamento que nos permite executar tarefas de reparo de hardware em m\u00f3dulos eletr\u00f4nicos para o trabalho de programa\u00e7\u00e3o e reprograma\u00e7\u00e3o de sistemas de imobilizadores.<br \/>\nAl\u00e9m de ter nossa linha de equipamentos, usamos ferramentas de gera\u00e7\u00e3o originais como um complemento para as marcas mais importantes do item.<br \/>\nNossos 20 anos no campo nos permitem oferecer trabalho de qualidade e uma solu\u00e7\u00e3o adaptada a cada necessidade. Queremos que nossos clientes sempre recebam uma solu\u00e7\u00e3o eficaz e duradoura.&#8221; hd_fontsize_description=&#8221;15px&#8221; cms_template=&#8221;cms_heading&#8211;layout4.php&#8221;][\/vc_column][vc_column css=&#8221;.vc_custom_1654329872675{padding-top: 0px !important;background-position: center !important;background-repeat: no-repeat !important;background-size: cover !important;}&#8221; offset=&#8221;vc_col-lg-6 vc_col-md-6&#8243; el_class=&#8221;giraLeft&#8221;][vc_images_carousel images=&#8221;11821,11838,11837,11836,11835,11834,11833,11832,11831,11830,11829,11828,11827,11826,11825,11824,11823,11822&#8243; img_size=&#8221;full&#8221; onclick=&#8221;link_no&#8221; hide_pagination_control=&#8221;yes&#8221;][\/vc_column][\/vc_row][vc_row full_width=&#8221;stretch_row_content_no_spaces&#8221; equal_height=&#8221;yes&#8221; el_class=&#8221;bg-full-color-left labblock&#8221; css=&#8221;.vc_custom_1654330165272{background-color: #e8e8e8 !important;}&#8221;][vc_column el_class=&#8221;reset-pd-xsNO custom-widthNO&#8221; css=&#8221;.vc_custom_1654329834015{padding-top: 0px !important;}&#8221; offset=&#8221;vc_col-lg-6 vc_col-md-6&#8243;][vc_empty_space height=&#8221;70px&#8221;][cms_heading hd_title=&#8221;ENGENHARIA E DESENVOLVIMENTO&#8221; hd_fontsize_title=&#8221;30px&#8221; hd_description=&#8221;Dados os avan\u00e7os que surgem no mundo dos eletr\u00f4nicos automotivos, \u00e9 necess\u00e1rio evoluir constantemente para lidar com novos desafios.<br \/>\n\u00c9 por isso que nosso departamento de engenharia \u00e9 respons\u00e1vel por conduzir estudos e desenvolvimentos que permitam a gera\u00e7\u00e3o de equipamentos para o diagn\u00f3stico de novas tecnologias, adaptando -os ao mercado para que outros workshops e laborat\u00f3rio possam replicar t\u00e9cnicas de diagn\u00f3stico pr\u00e1tico e eficaz.&#8221; hd_fontsize_description=&#8221;15px&#8221; cms_template=&#8221;cms_heading&#8211;layout4.php&#8221;][\/vc_column][vc_column css=&#8221;.vc_custom_1654328422901{padding-top: 0px !important;background-position: center !important;background-repeat: no-repeat !important;background-size: cover !important;}&#8221; offset=&#8221;vc_col-lg-6 vc_col-md-6&#8243;][vc_images_carousel images=&#8221;11849,11850,11851,11852,11853,11854,11855&#8243; img_size=&#8221;full&#8221; onclick=&#8221;link_no&#8221; hide_pagination_control=&#8221;yes&#8221;][\/vc_column][\/vc_row][vc_row full_width=&#8221;stretch_row_content_no_spaces&#8221; equal_height=&#8221;yes&#8221; el_class=&#8221;bg-full-color-left labblock&#8221; css=&#8221;.vc_custom_1654330172609{background-color: #e8e8e8 !important;}&#8221;][vc_column el_class=&#8221;reset-pd-xsNO custom-widthNO giraRight&#8221; css=&#8221;.vc_custom_1654329879732{padding-top: 0px !important;}&#8221; offset=&#8221;vc_col-lg-6 vc_col-md-6&#8243;][vc_empty_space height=&#8221;70px&#8221;][cms_heading hd_title=&#8221;COMPROMISSO&#8221; hd_fontsize_title=&#8221;30px&#8221; hd_description=&#8221;Nosso compromisso est\u00e1 al\u00e9m de simplesmente entregar um trabalho realizado em tempo h\u00e1bil.<br \/>\nProcuramos que cada um de nossos t\u00e9cnicos esteja constantemente treinando para enfrentar os novos desafios da eletr\u00f4nica automotiva.<br \/>\nCada t\u00e9cnico da CEA deve possuir eletr\u00f4nicos, aplicar -se a sistemas de inje\u00e7\u00e3o e entender o funcionamento da l\u00f3gica de controle para sempre ter a vis\u00e3o geral no momento de fazer um trabalho.&#8221; hd_fontsize_description=&#8221;15px&#8221; cms_template=&#8221;cms_heading&#8211;layout4.php&#8221;][\/vc_column][vc_column css=&#8221;.vc_custom_1654329888620{padding-top: 0px !important;background-position: center !important;background-repeat: no-repeat !important;background-size: cover !important;}&#8221; offset=&#8221;vc_col-lg-6 vc_col-md-6&#8243; el_class=&#8221;giraLeft&#8221;][vc_images_carousel images=&#8221;11859,11860,11861,11862,11863,11864,11865,11866&#8243; img_size=&#8221;full&#8221; onclick=&#8221;link_no&#8221; hide_pagination_control=&#8221;yes&#8221;][\/vc_column][\/vc_row][vc_row full_width=&#8221;stretch_row&#8221; parallax=&#8221;content-moving&#8221; parallax_speed_bg=&#8221;1.&#8221; css=&#8221;.vc_custom_1510094863112{background-color: #10adbe !important;background-position: center;background-repeat: no-repeat !important;background-size: cover !important;}&#8221;][vc_column css=&#8221;.vc_custom_1480491028351{padding-top: 0px !important;}&#8221;][cms_cta cta_text=&#8221;Voc\u00ea est\u00e1 interessado em nossos servi\u00e7os? Por favor, entre em contato conosco!&#8221; button_text=&#8221;CONTATO&#8221; link_button=&#8221;url:https%3A%2F%2Fceaelectronica.com%2Fpt-br%2Fcontacto%2F|title:Contacto&#8221; button_style=&#8221;btn-white-alt&#8221; cms_template=&#8221;cms_cta.php&#8221;][\/vc_column][\/vc_row]<\/p>\n<\/div>","protected":false},"excerpt":{"rendered":"<p>[vc_row full_width=&#8221;stretch_row&#8221; css=&#8221;.vc_custom_1511530005334{background-color: #e8e8e8 !important;}&#8221;][vc_column][vc_column_text]Em nosso laborat\u00f3rio trabalhamos com todos os equipamentos de \u00faltima gera\u00e7\u00e3o para obter o mais alto desempenho no diagn\u00f3stico e reparo de m\u00f3dulos eletr\u00f4nicos como: unidades de controle de motor, fus\u00edveis eletr\u00f4nicos, m\u00f3dulos de pot\u00eancia, m\u00f3dulos de carroceria, m\u00f3dulos de sistema imobilizador, pain\u00e9is de instrumentos, m\u00f3dulos de comunica\u00e7\u00e3o e todos os [&hellip;]<\/p>\n","protected":false},"author":104,"featured_media":0,"parent":0,"menu_order":93,"comment_status":"closed","ping_status":"closed","template":"","meta":{"_acf_changed":false,"inline_featured_image":false,"footnotes":""},"class_list":["post-17133","page","type-page","status-publish","hentry"],"acf":[],"aioseo_notices":[],"_links":{"self":[{"href":"https:\/\/ceaelectronica.com\/pt-br\/wp-json\/wp\/v2\/pages\/17133","targetHints":{"allow":["GET"]}}],"collection":[{"href":"https:\/\/ceaelectronica.com\/pt-br\/wp-json\/wp\/v2\/pages"}],"about":[{"href":"https:\/\/ceaelectronica.com\/pt-br\/wp-json\/wp\/v2\/types\/page"}],"author":[{"embeddable":true,"href":"https:\/\/ceaelectronica.com\/pt-br\/wp-json\/wp\/v2\/users\/104"}],"replies":[{"embeddable":true,"href":"https:\/\/ceaelectronica.com\/pt-br\/wp-json\/wp\/v2\/comments?post=17133"}],"version-history":[{"count":4,"href":"https:\/\/ceaelectronica.com\/pt-br\/wp-json\/wp\/v2\/pages\/17133\/revisions"}],"predecessor-version":[{"id":17556,"href":"https:\/\/ceaelectronica.com\/pt-br\/wp-json\/wp\/v2\/pages\/17133\/revisions\/17556"}],"wp:attachment":[{"href":"https:\/\/ceaelectronica.com\/pt-br\/wp-json\/wp\/v2\/media?parent=17133"}],"curies":[{"name":"wp","href":"https:\/\/api.w.org\/{rel}","templated":true}]}}