{"id":17152,"date":"2024-05-08T15:20:42","date_gmt":"2024-05-08T15:20:42","guid":{"rendered":"https:\/\/ceaelectronica.com\/productos-cea\/fullcomm\/"},"modified":"2025-01-23T21:00:28","modified_gmt":"2025-01-23T21:00:28","slug":"fullcomm","status":"publish","type":"page","link":"https:\/\/ceaelectronica.com\/pt-br\/produtos-cea\/fullcomm\/","title":{"rendered":"FullComm"},"content":{"rendered":"<div class=\"wpb-content-wrapper\"><p>[vc_row full_width=&#8221;stretch_row&#8221; css=&#8221;.vc_custom_1511318737687{padding-bottom: 35px !important;background-color: #e8e8e8 !important;}&#8221;][vc_column css=&#8221;.vc_custom_1510325742238{padding-top: 35px !important;}&#8221;][vc_column_text]O FULLCOMM \u00e9 uma interface de comunica\u00e7\u00e3o e diagn\u00f3stico que facilita a interliga\u00e7\u00e3o de m\u00f3dulos na bancada de testes, permitindo trabalhar de forma aut\u00f4noma em rela\u00e7\u00e3o ao ve\u00edculo nas mais diversas tarefas de codifica\u00e7\u00e3o, adapta\u00e7\u00e3o, mudan\u00e7a de identidade ou substitui\u00e7\u00e3o de m\u00f3dulos.[\/vc_column_text][\/vc_column][\/vc_row][vc_row full_width=&#8221;stretch_row&#8221; css=&#8221;.vc_custom_1511319860259{padding-bottom: 35px !important;}&#8221;][vc_column css=&#8221;.vc_custom_1510325742238{padding-top: 35px !important;}&#8221;][vc_single_image image=&#8221;16852&#8243; img_size=&#8221;large&#8221; alignment=&#8221;center&#8221; css=&#8221;.vc_custom_1713371683973{padding-top: 50px !important;}&#8221;][vc_empty_space height=&#8221;25px&#8221; el_class=&#8221;solomobile&#8221;][vc_empty_space height=&#8221;50px&#8221;][vc_separator color=&#8221;turquoise&#8221; border_width=&#8221;2&#8243;][vc_empty_space height=&#8221;25px&#8221; el_class=&#8221;solomobile&#8221;][vc_single_image image=&#8221;17682&#8243; img_size=&#8221;full&#8221; alignment=&#8221;center&#8221; el_class=&#8221;hidemobile&#8221;][vc_single_image image=&#8221;17679&#8243; img_size=&#8221;full&#8221; alignment=&#8221;center&#8221; css=&#8221;.vc_custom_1717712135811{margin-top: 60px !important;padding-bottom: 60px !important;}&#8221; el_class=&#8221;hidedesktop&#8221;][vc_empty_space height=&#8221;25px&#8221; el_class=&#8221;solomobile&#8221;][vc_separator color=&#8221;turquoise&#8221; border_width=&#8221;2&#8243;][vc_empty_space height=&#8221;55px&#8221; el_class=&#8221;solomobile&#8221;][\/vc_column][\/vc_row][vc_row full_width=&#8221;stretch_row&#8221; css=&#8221;.vc_custom_1511319662143{background-color: #e8e8e8 !important;}&#8221;][vc_column][vc_empty_space height=&#8221;75px&#8221;][cms_heading hd_title=&#8221;INTERFACE DE COMUNICA\u00c7\u00c3O E DIAGN\u00d3STICO.&#8221; text_align=&#8221;center&#8221; cms_template=&#8221;cms_heading&#8211;layout4.php&#8221;][vc_empty_space height=&#8221;100px&#8221;][\/vc_column][\/vc_row][vc_row full_width=&#8221;stretch_row&#8221; css=&#8221;.vc_custom_1665163906049{background-color: #222222 !important;}&#8221;][vc_column width=&#8221;1\/2&#8243; css=&#8221;.vc_custom_1665537293892{padding-top: 0px !important;padding-bottom: 0px !important;}&#8221;][vc_empty_space height=&#8221;70px&#8221;][vc_column_text]O FULLCOMM possui entre suas interliga\u00e7\u00f5es a pinagem atribu\u00edda pelo padr\u00e3o OBDII, incorporando redes de comunica\u00e7\u00e3o adicionais independentes.[\/vc_column_text][vc_empty_space height=&#8221;70px&#8221; el_class=&#8221;sepdesktop&#8221;][vc_empty_space height=&#8221;15px&#8221; el_class=&#8221;sepmobile&#8221;][\/vc_column][vc_column width=&#8221;1\/2&#8243; css=&#8221;.vc_custom_1665537303295{padding-top: 0px !important;padding-bottom: 0px !important;}&#8221;][vc_empty_space height=&#8221;70px&#8221; el_class=&#8221;sepdesktop&#8221;][vc_column_text]Outra funcionalidade \u00e9 permitir a aplica\u00e7\u00e3o de +15vdc +30vdc e tamb\u00e9m oferece a possibilidade de fechar a extremidade do CAN para realizar diagn\u00f3sticos de fim de linha em m\u00f3dulos independentes, sem a necessidade de interligar uma plataforma de bancada inteira.[\/vc_column_text][vc_empty_space height=&#8221;70px&#8221;][\/vc_column][\/vc_row][vc_row full_width=&#8221;stretch_row_content_no_spaces&#8221; css=&#8221;.vc_custom_1665520467609{margin-top: 0px !important;margin-bottom: 0px !important;padding-top: 0px !important;padding-bottom: 0px !important;}&#8221;][vc_column parallax=&#8221;content-moving&#8221; css=&#8221;.vc_custom_1665520458369{margin-top: 0px !important;margin-bottom: 0px !important;padding-top: 0px !important;padding-bottom: 0px !important;}&#8221;][vc_single_image image=&#8221;16880&#8243; img_size=&#8221;full&#8221; alignment=&#8221;center&#8221; css=&#8221;.vc_custom_1713455437575{margin-top: 0px !important;margin-right: 0px !important;margin-bottom: 0px !important;margin-left: 0px !important;padding-top: 0px !important;padding-bottom: 0px !important;}&#8221; el_class=&#8221;imgfullwidth sepdesktop&#8221;][vc_single_image image=&#8221;16878&#8243; img_size=&#8221;full&#8221; alignment=&#8221;center&#8221; css=&#8221;.vc_custom_1713455530188{margin-top: 0px !important;margin-right: 0px !important;margin-bottom: 0px !important;margin-left: 0px !important;padding-top: 0px !important;padding-bottom: 0px !important;}&#8221; el_class=&#8221;imgfullwidth sepmobile&#8221;][\/vc_column][\/vc_row][vc_row full_width=&#8221;stretch_row&#8221; css=&#8221;.vc_custom_1511319662143{background-color: #e8e8e8 !important;}&#8221;][vc_column][vc_empty_space height=&#8221;75px&#8221;][cms_heading hd_title=&#8221;O FUTURO EST\u00c1 AQUI. REVOLUCIONE SUA BANCA DE TESTE.&#8221; hd_fontsize_title=&#8221;45px&#8221; hd_lineheight_title=&#8221;55px&#8221; hd_title_color=&#8221;#4c808f&#8221; text_align=&#8221;center&#8221; cms_template=&#8221;cms_heading&#8211;layout4.php&#8221;][vc_empty_space height=&#8221;100px&#8221;][\/vc_column][\/vc_row][vc_row full_width=&#8221;stretch_row&#8221; content_placement=&#8221;top&#8221; css=&#8221;.vc_custom_1713885293380{border-top-width: 100px !important;padding-bottom: 70px !important;background-color: #222222 !important;}&#8221;][vc_column width=&#8221;1\/4&#8243; css=&#8221;.vc_custom_1665536586795{padding-top: 0px !important;padding-bottom: 0px !important;}&#8221;][vc_empty_space height=&#8221;70px&#8221;][vc_single_image image=&#8221;16871&#8243; img_size=&#8221;medium&#8221; alignment=&#8221;center&#8221;][vc_empty_space height=&#8221;30px&#8221;][vc_column_text]<\/p>\n<p style=\"text-align: center; margin-bottom: 0!important;\"><strong>\u00a0CONECTOR DE ACESSO OBD II<\/strong><\/p>\n<p>[\/vc_column_text][vc_empty_space height=&#8221;70px&#8221; el_class=&#8221;sepmobile&#8221;][\/vc_column][vc_column width=&#8221;1\/4&#8243; css=&#8221;.vc_custom_1665536598500{padding-top: 0px !important;padding-bottom: 0px !important;}&#8221;][vc_empty_space height=&#8221;70px&#8221; el_class=&#8221;sepdesktop&#8221;][vc_single_image image=&#8221;16867&#8243; img_size=&#8221;medium&#8221; alignment=&#8221;center&#8221;][vc_empty_space height=&#8221;30px&#8221;][vc_column_text]<\/p>\n<p style=\"text-align: center; ; margin-bottom: 0!important;\"><strong>M\u00daLTIPLAS PLATAFORMAS DE TESTE<\/strong><\/p>\n<p>[\/vc_column_text][vc_empty_space height=&#8221;70px&#8221; el_class=&#8221;sepmobile&#8221;][\/vc_column][vc_column width=&#8221;1\/4&#8243; css=&#8221;.vc_custom_1665536609184{padding-top: 0px !important;padding-bottom: 0px !important;}&#8221;][vc_empty_space height=&#8221;70px&#8221; el_class=&#8221;sepdesktop&#8221;][vc_single_image image=&#8221;16865&#8243; img_size=&#8221;medium&#8221; alignment=&#8221;center&#8221;][vc_empty_space height=&#8221;30px&#8221;][vc_column_text]<\/p>\n<p style=\"text-align: center; ; margin-bottom: 0!important;\"><strong>INDICADORES DE LINHAS DE COMUNICA\u00c7\u00c3O<\/strong><\/p>\n<p>[\/vc_column_text][vc_empty_space height=&#8221;70px&#8221; el_class=&#8221;sepmobile&#8221;][\/vc_column][vc_column width=&#8221;1\/4&#8243; css=&#8221;.vc_custom_1713463695877{padding-top: 0px !important;padding-bottom: 0px !important;}&#8221;][vc_empty_space height=&#8221;70px&#8221; el_class=&#8221;sepdesktop&#8221;][vc_single_image image=&#8221;16869&#8243; img_size=&#8221;medium&#8221; alignment=&#8221;center&#8221;][vc_empty_space height=&#8221;30px&#8221;][vc_column_text]<\/p>\n<p style=\"text-align: center; ; margin-bottom: 0!important;\"><strong>\u00a0SOFTWARE INTERATIVO<\/strong><\/p>\n<p>[\/vc_column_text][\/vc_column][\/vc_row][vc_row full_width=&#8221;stretch_row&#8221; css=&#8221;.vc_custom_1511319662143{background-color: #e8e8e8 !important;}&#8221;][vc_column][vc_empty_space height=&#8221;75px&#8221;][cms_heading hd_title=&#8221;INCLUI SOFTWARE INTERATIVO.&#8221; text_align=&#8221;center&#8221; cms_template=&#8221;cms_heading&#8211;layout4.php&#8221;][vc_empty_space height=&#8221;100px&#8221;][\/vc_column][\/vc_row][vc_row full_width=&#8221;stretch_row_content_no_spaces&#8221; css=&#8221;.vc_custom_1665520467609{margin-top: 0px !important;margin-bottom: 0px !important;padding-top: 0px !important;padding-bottom: 0px !important;}&#8221;][vc_column parallax=&#8221;content-moving&#8221; css=&#8221;.vc_custom_1665520458369{margin-top: 0px !important;margin-bottom: 0px !important;padding-top: 0px !important;padding-bottom: 0px !important;}&#8221;][vc_single_image image=&#8221;16940&#8243; img_size=&#8221;full&#8221; alignment=&#8221;center&#8221; css=&#8221;.vc_custom_1713891198248{margin-top: 0px !important;margin-right: 0px !important;margin-bottom: 0px !important;margin-left: 0px !important;padding-top: 0px !important;padding-bottom: 0px !important;}&#8221; el_class=&#8221;imgfullwidth sepdesktop&#8221;][vc_single_image image=&#8221;16943&#8243; img_size=&#8221;full&#8221; alignment=&#8221;center&#8221; css=&#8221;.vc_custom_1713893149153{margin-top: 0px !important;margin-right: 0px !important;margin-bottom: 0px !important;margin-left: 0px !important;padding-top: 0px !important;padding-bottom: 0px !important;}&#8221; el_class=&#8221;imgfullwidth sepmobile&#8221;][\/vc_column][\/vc_row][vc_row full_width=&#8221;stretch_row&#8221; content_placement=&#8221;middle&#8221; parallax=&#8221;content-moving&#8221; parallax_speed_bg=&#8221;1.&#8221; css=&#8221;.vc_custom_1665457893106{background-position: center;background-repeat: no-repeat;background-size: cover !important;}&#8221;][vc_column css=&#8221;.vc_custom_1480491028351{padding-top: 0px !important;}&#8221;][vc_empty_space height=&#8221;70px&#8221;][vc_single_image image=&#8221;16917&#8243; img_size=&#8221;medium&#8221; alignment=&#8221;center&#8221;][vc_empty_space height=&#8221;30px&#8221;][vc_column_text]<\/p>\n<h5 style=\"text-align: center;\"><strong>PLATAFORMA PARA M\u00daLTIPLAS CONEX\u00d5ES<\/strong><\/h5>\n<p>[\/vc_column_text][\/vc_column][\/vc_row][vc_row full_width=&#8221;stretch_row&#8221; content_placement=&#8221;top&#8221; css=&#8221;.vc_custom_1713465593085{border-top-width: 45px !important;border-bottom-width: 35px !important;background-color: #ffffff !important;}&#8221;][vc_column width=&#8221;1\/6&#8243; css=&#8221;.vc_custom_1665536586795{padding-top: 0px !important;padding-bottom: 0px !important;}&#8221;][vc_empty_space height=&#8221;70px&#8221;][vc_single_image image=&#8221;16898&#8243; img_size=&#8221;medium&#8221; alignment=&#8221;center&#8221;][vc_empty_space height=&#8221;30px&#8221;][vc_column_text]<\/p>\n<p style=\"text-align: center; margin-bottom: 0!important;\"><strong>OBD II<\/strong><\/p>\n<p>[\/vc_column_text][vc_empty_space height=&#8221;70px&#8221; el_class=&#8221;sepmobile&#8221;][\/vc_column][vc_column width=&#8221;1\/6&#8243; css=&#8221;.vc_custom_1665536598500{padding-top: 0px !important;padding-bottom: 0px !important;}&#8221;][vc_empty_space height=&#8221;70px&#8221; el_class=&#8221;sepdesktop&#8221;][vc_single_image image=&#8221;16896&#8243; img_size=&#8221;medium&#8221; alignment=&#8221;center&#8221;][vc_empty_space height=&#8221;30px&#8221;][vc_column_text]<\/p>\n<p style=\"text-align: center; margin-bottom: 0!important;\"><strong>FUS\u00cdVEIS<\/strong><\/p>\n<p>[\/vc_column_text][vc_empty_space height=&#8221;70px&#8221; el_class=&#8221;sepmobile&#8221;][\/vc_column][vc_column width=&#8221;1\/6&#8243; css=&#8221;.vc_custom_1665536609184{padding-top: 0px !important;padding-bottom: 0px !important;}&#8221;][vc_empty_space height=&#8221;70px&#8221; el_class=&#8221;sepdesktop&#8221;][vc_single_image image=&#8221;16888&#8243; img_size=&#8221;medium&#8221; alignment=&#8221;center&#8221;][vc_empty_space height=&#8221;30px&#8221;][vc_column_text]<\/p>\n<p style=\"text-align: center;\"><strong>PRANCHAS<\/strong><\/p>\n<p>[\/vc_column_text][vc_empty_space height=&#8221;70px&#8221; el_class=&#8221;sepmobile&#8221;][\/vc_column][vc_column width=&#8221;1\/6&#8243; css=&#8221;.vc_custom_1713463455024{padding-top: 0px !important;padding-bottom: 0px !important;}&#8221;][vc_empty_space height=&#8221;70px&#8221; el_class=&#8221;sepdesktop&#8221;][vc_single_image image=&#8221;16890&#8243; img_size=&#8221;medium&#8221; alignment=&#8221;center&#8221;][vc_empty_space height=&#8221;30px&#8221;][vc_column_text]<\/p>\n<p style=\"text-align: center; margin-bottom: 0!important;\"><strong>ABS \/ ESP<\/strong><\/p>\n<p>[\/vc_column_text][vc_empty_space height=&#8221;70px&#8221; el_class=&#8221;sepmobile&#8221;][\/vc_column][vc_column width=&#8221;1\/6&#8243; css=&#8221;.vc_custom_1713463448264{padding-top: 0px !important;padding-bottom: 0px !important;}&#8221;][vc_empty_space height=&#8221;70px&#8221; el_class=&#8221;sepdesktop&#8221;][vc_single_image image=&#8221;16892&#8243; img_size=&#8221;medium&#8221; alignment=&#8221;center&#8221;][vc_empty_space height=&#8221;30px&#8221;][vc_column_text]<\/p>\n<p style=\"text-align: center; margin-bottom: 0!important;\"><strong>AIRBAG<\/strong><\/p>\n<p>[\/vc_column_text][vc_empty_space height=&#8221;70px&#8221; el_class=&#8221;sepmobile&#8221;][\/vc_column][vc_column width=&#8221;1\/6&#8243; css=&#8221;.vc_custom_1713463438831{padding-top: 0px !important;padding-bottom: 0px !important;}&#8221;][vc_empty_space height=&#8221;70px&#8221; el_class=&#8221;sepdesktop&#8221;][vc_single_image image=&#8221;16894&#8243; img_size=&#8221;medium&#8221; alignment=&#8221;center&#8221;][vc_empty_space height=&#8221;30px&#8221;][vc_column_text]<\/p>\n<p style=\"text-align: center; margin-bottom: 0!important;\"><strong>SOB A RODA<\/strong><\/p>\n<p>[\/vc_column_text][vc_empty_space height=&#8221;70px&#8221; el_class=&#8221;sepmobile&#8221;][\/vc_column][\/vc_row][vc_row full_width=&#8221;stretch_row_content_no_spaces&#8221; content_placement=&#8221;middle&#8221; parallax=&#8221;content-moving&#8221; parallax_speed_bg=&#8221;1.&#8221; css=&#8221;.vc_custom_1715176612354{background-position: center;background-repeat: no-repeat !important;background-size: cover !important;}&#8221;][vc_column css=&#8221;.vc_custom_1480491028351{padding-top: 0px !important;}&#8221;][vc_empty_space height=&#8221;70px&#8221; el_class=&#8221;sepdesktop&#8221;][vc_separator color=&#8221;black&#8221;][\/vc_column][\/vc_row][vc_row full_width=&#8221;stretch_row&#8221; content_placement=&#8221;middle&#8221; parallax=&#8221;content-moving&#8221; parallax_speed_bg=&#8221;1.&#8221; css=&#8221;.vc_custom_1665457893106{background-position: center;background-repeat: no-repeat;background-size: cover !important;}&#8221;][vc_column css=&#8221;.vc_custom_1480491028351{padding-top: 0px !important;}&#8221;][vc_empty_space height=&#8221;55px&#8221;][vc_row_inner css=&#8221;.vc_custom_1669242300617{margin-top: 0px !important;margin-bottom: 0px !important;padding-top: 0px !important;padding-bottom: 0px !important;}&#8221;][vc_column_inner el_class=&#8221;botoneslinea&#8221; css=&#8221;.vc_custom_1669242327944{margin-top: 0px !important;margin-bottom: 0px !important;padding-top: 0px !important;padding-bottom: 0px !important;}&#8221;][vc_btn title=&#8221;MANUAL FULLCOMM&#8221; color=&#8221;black&#8221; size=&#8221;lg&#8221; align=&#8221;center&#8221; link=&#8221;url:https%3A%2F%2Fceaelectronica.com%2Fwp-content%2Fuploads%2F2022%2Fmanuales%2FManual-fullcomm.pdf&#8221;][vc_btn title=&#8221;COBERTURA COMPLETA DO FULLCOMM&#8221; color=&#8221;black&#8221; size=&#8221;lg&#8221; align=&#8221;center&#8221; link=&#8221;url:https%3A%2F%2Fceaelectronica.com%2Fcobertura-completa-fullcomm%2F|title:Cobertura%20completa%20MiniProb&#8221;][\/vc_column_inner][\/vc_row_inner][vc_empty_space height=&#8221;35px&#8221;][\/vc_column][\/vc_row][vc_row full_width=&#8221;stretch_row&#8221; parallax=&#8221;content-moving&#8221; css=&#8221;.vc_custom_1584466788138{padding-top: 40px !important;background-color: #222222 !important;background-position: center;background-repeat: no-repeat !important;background-size: cover !important;}&#8221;][vc_column offset=&#8221;vc_col-lg-6 vc_col-md-6&#8243;][vc_empty_space height=&#8221;38px&#8221;][cms_heading hd_title=&#8221;FullComm&#8221; hd_title_color=&#8221;#ffffff&#8221; hd_description=&#8221;FULLCOMM \u00e9 uma interface de comunica\u00e7\u00e3o e diagn\u00f3stico que facilita a interliga\u00e7\u00e3o dos m\u00f3dulos na bancada de testes, permitindo que ela funcione de forma aut\u00f4noma em rela\u00e7\u00e3o ao ve\u00edculo.&#8221; hd_style=&#8221;style3&#8243; cms_template=&#8221;cms_heading&#8211;layout3.php&#8221;][cms_button button_text=&#8221;CONTATO&#8221; link_button=&#8221;url:https%3A%2F%2Fceaelectronica.com%2Fpt-br%2Fcontato%2F|title:Contato&#8221; button_style=&#8221;btn-white-alt&#8221; button_size=&#8221;btn-md&#8221; cms_template=&#8221;cms_button.php&#8221;][vc_empty_space height=&#8221;20px&#8221;][\/vc_column][vc_column offset=&#8221;vc_col-lg-6 vc_col-md-6&#8243;][vc_single_image image=&#8221;16919&#8243; img_size=&#8221;full&#8221;][\/vc_column][\/vc_row][vc_row full_width=&#8221;stretch_row&#8221; parallax=&#8221;content-moving&#8221; parallax_speed_bg=&#8221;1.&#8221; css=&#8221;.vc_custom_1737477041419{background-color: #E8E8E8 !important;background-position: center;background-repeat: no-repeat;background-size: cover !important;}&#8221;][vc_column css=&#8221;.vc_custom_1480491028351{padding-top: 0px !important;}&#8221;][vc_empty_space height=&#8221;45px&#8221;][cms_button button_text=&#8221;COMPRAR FULLCOMM&#8221; link_button=&#8221;url:https%3A%2F%2Fepic.net.ar%2Fproducto%2Ffullcomm%2F|target:_blank&#8221; button_style=&#8221;btn-secondary-alt&#8221; button_size=&#8221;btn-lg&#8221; cms_template=&#8221;cms_button.php&#8221; el_class=&#8221;text-center&#8221;][vc_empty_space height=&#8221;45px&#8221;][\/vc_column][\/vc_row][vc_row full_width=&#8221;stretch_row&#8221; parallax=&#8221;content-moving&#8221; parallax_speed_bg=&#8221;1.&#8221; css=&#8221;.vc_custom_1510094863112{background-color: #10adbe !important;background-position: center;background-repeat: no-repeat;background-size: cover !important;}&#8221;][vc_column css=&#8221;.vc_custom_1480491028351{padding-top: 0px !important;}&#8221;][cms_cta cta_text=&#8221;Voc\u00ea est\u00e1 interessado nesta equipe? Por favor, entre em contato conosco!&#8221; button_text=&#8221;CONTATO&#8221; link_button=&#8221;url:https%3A%2F%2Fceaelectronica.com%2Fpt-br%2Fcontato%2F|title:Contato&#8221; button_style=&#8221;btn-white-alt&#8221; cms_template=&#8221;cms_cta.php&#8221;][\/vc_column][\/vc_row]<\/p>\n<\/div>","protected":false},"excerpt":{"rendered":"<p>[vc_row full_width=&#8221;stretch_row&#8221; css=&#8221;.vc_custom_1511318737687{padding-bottom: 35px !important;background-color: #e8e8e8 !important;}&#8221;][vc_column css=&#8221;.vc_custom_1510325742238{padding-top: 35px !important;}&#8221;][vc_column_text]O FULLCOMM \u00e9 uma interface de comunica\u00e7\u00e3o e diagn\u00f3stico que facilita a interliga\u00e7\u00e3o de m\u00f3dulos na bancada de testes, permitindo trabalhar de forma aut\u00f4noma em rela\u00e7\u00e3o ao ve\u00edculo nas mais diversas tarefas de codifica\u00e7\u00e3o, adapta\u00e7\u00e3o, mudan\u00e7a de identidade ou substitui\u00e7\u00e3o de m\u00f3dulos.[\/vc_column_text][\/vc_column][\/vc_row][vc_row full_width=&#8221;stretch_row&#8221; css=&#8221;.vc_custom_1511319860259{padding-bottom: 35px !important;}&#8221;][vc_column [&hellip;]<\/p>\n","protected":false},"author":104,"featured_media":0,"parent":17150,"menu_order":101,"comment_status":"closed","ping_status":"closed","template":"","meta":{"_acf_changed":false,"inline_featured_image":false,"footnotes":""},"class_list":["post-17152","page","type-page","status-publish","hentry"],"acf":[],"aioseo_notices":[],"_links":{"self":[{"href":"https:\/\/ceaelectronica.com\/pt-br\/wp-json\/wp\/v2\/pages\/17152","targetHints":{"allow":["GET"]}}],"collection":[{"href":"https:\/\/ceaelectronica.com\/pt-br\/wp-json\/wp\/v2\/pages"}],"about":[{"href":"https:\/\/ceaelectronica.com\/pt-br\/wp-json\/wp\/v2\/types\/page"}],"author":[{"embeddable":true,"href":"https:\/\/ceaelectronica.com\/pt-br\/wp-json\/wp\/v2\/users\/104"}],"replies":[{"embeddable":true,"href":"https:\/\/ceaelectronica.com\/pt-br\/wp-json\/wp\/v2\/comments?post=17152"}],"version-history":[{"count":7,"href":"https:\/\/ceaelectronica.com\/pt-br\/wp-json\/wp\/v2\/pages\/17152\/revisions"}],"predecessor-version":[{"id":17537,"href":"https:\/\/ceaelectronica.com\/pt-br\/wp-json\/wp\/v2\/pages\/17152\/revisions\/17537"}],"up":[{"embeddable":true,"href":"https:\/\/ceaelectronica.com\/pt-br\/wp-json\/wp\/v2\/pages\/17150"}],"wp:attachment":[{"href":"https:\/\/ceaelectronica.com\/pt-br\/wp-json\/wp\/v2\/media?parent=17152"}],"curies":[{"name":"wp","href":"https:\/\/api.w.org\/{rel}","templated":true}]}}