{"id":17154,"date":"2018-11-20T18:57:40","date_gmt":"2018-11-20T18:57:40","guid":{"rendered":"https:\/\/ceaelectronica.com\/productos-cea\/fulldiesel\/"},"modified":"2025-01-23T21:18:45","modified_gmt":"2025-01-23T21:18:45","slug":"fulldiesel","status":"publish","type":"page","link":"https:\/\/ceaelectronica.com\/pt-br\/produtos-cea\/fulldiesel\/","title":{"rendered":"FullDiesel"},"content":{"rendered":"<div class=\"wpb-content-wrapper\"><p>[vc_row full_width=&#8221;stretch_row_content_no_spaces&#8221; content_placement=&#8221;middle&#8221;][vc_column][vc_single_image image=&#8221;8931&#8243; img_size=&#8221;full&#8221; alignment=&#8221;center&#8221;][\/vc_column][\/vc_row][vc_row full_width=&#8221;stretch_row&#8221; css=&#8221;.vc_custom_1511115992745{padding-bottom: 35px !important;background-color: #e8e8e8 !important;}&#8221;][vc_column][vc_column_text]O FULLDIESEL \u00e9 um equipamento de testes direcionado ao mercado diesel; Funciona em conjunto com o FullProb e \u00e9 utilizado para realizar testes reais de ECU diesel em conjunto com o sistema imobilizador que o comp\u00f5e.<br \/>\nFullDiesel cont\u00e9m os chips FullProb padr\u00e3o e tamb\u00e9m adiciona tudo o que \u00e9 necess\u00e1rio para controlar este tipo de m\u00f3dulos, estas s\u00e3o suas novas fun\u00e7\u00f5es.<br \/>\n[\/vc_column_text][\/vc_column][\/vc_row][vc_row full_width=&#8221;stretch_row&#8221;][vc_column][vc_empty_space height=&#8221;30px&#8221;][vc_single_image image=&#8221;17723&#8243; img_size=&#8221;full&#8221;][vc_empty_space height=&#8221;65px&#8221;][vc_separator color=&#8221;turquoise&#8221; border_width=&#8221;2&#8243;][vc_empty_space height=&#8221;35px&#8221;][vc_single_image image=&#8221;8898&#8243; img_size=&#8221;full&#8221;][\/vc_column][\/vc_row][vc_row full_width=&#8221;stretch_row&#8221;][vc_column][vc_empty_space height=&#8221;30px&#8221;][vc_separator color=&#8221;turquoise&#8221; border_width=&#8221;2&#8243;][vc_empty_space height=&#8221;80px&#8221;][\/vc_column][\/vc_row][vc_row full_width=&#8221;stretch_row&#8221;][vc_column][vc_single_image image=&#8221;8920&#8243; img_size=&#8221;full&#8221; alignment=&#8221;center&#8221;][vc_empty_space height=&#8221;30px&#8221;][\/vc_column][\/vc_row][vc_row full_width=&#8221;stretch_row&#8221;][vc_column width=&#8221;1\/2&#8243;][vc_single_image image=&#8221;8921&#8243; img_size=&#8221;full&#8221; alignment=&#8221;center&#8221;][\/vc_column][vc_column width=&#8221;1\/2&#8243;][vc_single_image image=&#8221;8922&#8243; img_size=&#8221;full&#8221; alignment=&#8221;center&#8221;][\/vc_column][\/vc_row][vc_row full_width=&#8221;stretch_row&#8221;][vc_column][vc_empty_space height=&#8221;80px&#8221;][vc_separator color=&#8221;turquoise&#8221; border_width=&#8221;2&#8243;][vc_empty_space height=&#8221;80px&#8221;][\/vc_column][\/vc_row][vc_row full_width=&#8221;stretch_row&#8221; css=&#8221;.vc_custom_1510322119309{margin-top: -4px !important;}&#8221;][vc_column width=&#8221;1\/3&#8243;][vc_custom_heading text=&#8221;FUN\u00c7\u00d5ES QUE EXECUTA&#8221; font_container=&#8221;tag:h6|font_size:20px|text_align:left|color:%23222222|line_height:28px&#8221; use_theme_fonts=&#8221;yes&#8221;][cms_list list_style=&#8221;list-style3&#8243; cms_list=&#8221;%5B%7B%22cms_list_item%22%3A%22Injetor%201-.%22%7D%2C%7B%22cms_list_item%22%3A%22Injetor%201%2B.%22%7D%2C%7B%22cms_list_item%22%3A%22Injetor%202-.%22%7D%2C%7B%22cms_list_item%22%3A%22Injetor%202%2B.%22%7D%2C%7B%22cms_list_item%22%3A%22Injetor%203-.%22%7D%2C%7B%22cms_list_item%22%3A%22Injetor%203%2B.%22%7D%2C%7B%22cms_list_item%22%3A%22Injetor%204-.%22%7D%2C%7B%22cms_list_item%22%3A%224%2B%20injetor.%22%7D%2C%7B%22cms_list_item%22%3A%22Injetor%205-.%22%7D%2C%7B%22cms_list_item%22%3A%22Injetor%205%2B.%22%7D%2C%7B%22cms_list_item%22%3A%22Injetor%206-.%22%7D%2C%7B%22cms_list_item%22%3A%22Injetor%206%2B.%22%7D%2C%7B%22cms_list_item%22%3A%22Fase%20Indutiva%201.%22%7D%2C%7B%22cms_list_item%22%3A%22Fase%20Indutiva%202.%22%7D%2C%7B%22cms_list_item%22%3A%22Sinal%20de%20posi%C3%A7%C3%A3o%20EGR%20el%C3%A9trico%201.%22%7D%2C%7B%22cms_list_item%22%3A%22Sinal%20de%20posi%C3%A7%C3%A3o%20EGR%20el%C3%A9trico%202.%22%7D%2C%7B%22cms_list_item%22%3A%22Press%C3%A3o%20do%20ar%20condicionado.%22%7D%2C%7B%22cms_list_item%22%3A%22Press%C3%A3o%20do%20%C3%B3leo.%22%7D%2C%7B%22cms_list_item%22%3A%22Press%C3%A3o%20turbo.%22%7D%2C%7B%22cms_list_item%22%3A%22Temperatura%20do%20%C3%B3leo.%22%7D%2C%7B%22cms_list_item%22%3A%22Temperatura%20do%20combust%C3%ADvel.%22%7D%2C%7B%22cms_list_item%22%3A%22Solicita%C3%A7%C3%A3o%20A%2FA%20(negativa).%22%7D%2C%7B%22cms_list_item%22%3A%22Entrada%20Negativa%20Auxiliar%201.%22%7D%2C%7B%22cms_list_item%22%3A%22Entrada%20Negativa%20Auxiliar%202.%22%7D%2C%7B%22cms_list_item%22%3A%22Iniciador%20de%20revezamento.%22%7D%2C%7B%22cms_list_item%22%3A%22V%C3%A1lvula%20turbo.%22%7D%2C%7B%22cms_list_item%22%3A%22V%C3%A1lvula%20de%20posi%C3%A7%C3%A3o%20turbo.%22%7D%2C%7B%22cms_list_item%22%3A%22V%C3%A1lvula%20ferrovi%C3%A1ria%20(PCV).%22%7D%2C%7B%22cms_list_item%22%3A%22V%C3%A1lvula%20dosadora%20(VCV).%22%7D%2C%7B%22cms_list_item%22%3A%22V%C3%A1lvula%20de%20corte%20de%20combust%C3%ADvel.%22%7D%2C%7B%22cms_list_item%22%3A%22Pr%C3%A9-aquecimento%201.%22%7D%2C%7B%22cms_list_item%22%3A%22Pr%C3%A9-aquecimento%202.%22%7D%2C%7B%22cms_list_item%22%3A%22EGR%2FV%C3%A1lvula%201%20-.%22%7D%2C%7B%22cms_list_item%22%3A%22EGR%2FV%C3%A1lvula%202%20-.%22%7D%2C%7B%22cms_list_item%22%3A%22Volt%C3%ADmetro%201.%22%7D%2C%7B%22cms_list_item%22%3A%22Volt%C3%ADmetro%202.%22%7D%2C%7B%22cms_list_item%22%3A%22Volt%C3%ADmetro%203.%22%7D%2C%7B%22cms_list_item%22%3A%22Volt%C3%ADmetro%204.%22%7D%2C%7B%22cms_list_item%22%3A%22Ventilador%20el%C3%A9trico%201.%22%7D%2C%7B%22cms_list_item%22%3A%22Ventilador%20el%C3%A9trico%202.%22%7D%2C%7B%22cms_list_item%22%3A%22Missa%201.%22%7D%2C%7B%22cms_list_item%22%3A%22Missa%202.%22%7D%2C%7B%22cms_list_item%22%3A%22Missa%203.%22%7D%2C%7B%22cms_list_item%22%3A%22Sensor%20do%20pedal%201.%22%7D%2C%7B%22cms_list_item%22%3A%22Sensor%20do%20pedal%202.%22%7D%2C%7B%22cms_list_item%22%3A%22Sensor%20de%20press%C3%A3o%20do%20trilho.%22%7D%5D&#8221;][\/vc_column][vc_column width=&#8221;1\/3&#8243;][vc_custom_heading text=&#8221;Tamb\u00e9m integra todas as fun\u00e7\u00f5es do Inmobox com monitoramento mais avan\u00e7ado:&#8221; font_container=&#8221;tag:h6|font_size:20px|text_align:left|color:%23222222|line_height:28px&#8221; use_theme_fonts=&#8221;yes&#8221;][cms_list list_style=&#8221;list-style8&#8243; cms_list=&#8221;%5B%7B%22cms_list_item%22%3A%22Linha%20W.%22%7D%2C%7B%22cms_list_item%22%3A%22Linha%20K.%20%22%7D%2C%7B%22cms_list_item%22%3A%22Linha%20L.%20%22%7D%2C%7B%22cms_list_item%22%3A%22Pode%20H%2B.%20%22%7D%2C%7B%22cms_list_item%22%3A%22Eu%20posso%20-.%20%22%7D%2C%7B%22cms_list_item%22%3A%22Verifique%20a%20luz.%20%22%7D%2C%7B%22cms_list_item%22%3A%22C%C3%B3digo%20Luz.%20%22%7D%2C%7B%22cms_list_item%22%3A%22Antena.%22%7D%5D&#8221;][\/vc_column][vc_column width=&#8221;1\/3&#8243;][vc_custom_heading text=&#8221;CONTE\u00daDO DO EQUIPAMENTO&#8221; font_container=&#8221;tag:h6|font_size:20px|text_align:left|color:%23222222|line_height:28px&#8221; use_theme_fonts=&#8221;yes&#8221;][cms_list list_style=&#8221;list-style2&#8243; cms_list=&#8221;%5B%7B%22cms_list_item%22%3A%22Fia%C3%A7%C3%A3o%20de%20energia.%20%22%7D%2C%7B%22cms_list_item%22%3A%22Fia%C3%A7%C3%A3o%20de%20conex%C3%A3o%20universal%20(conector%203-4-5).%20%22%7D%2C%7B%22cms_list_item%22%3A%22Fia%C3%A7%C3%A3o%20de%20conex%C3%A3o%20com%20FullProb.%20%22%7D%2C%7B%22cms_list_item%22%3A%22Fia%C3%A7%C3%A3o%20da%20ECU.%20%22%7D%2C%7B%22cms_list_item%22%3A%22Fia%C3%A7%C3%A3o%20extra.%20%22%7D%2C%7B%22cms_list_item%22%3A%22Fia%C3%A7%C3%A3o%20OBDII.%20%22%7D%2C%7B%22cms_list_item%22%3A%22Fia%C3%A7%C3%A3o%20do%20painel.%20%22%7D%2C%7B%22cms_list_item%22%3A%22Fia%C3%A7%C3%A3o%20imobili%C3%A1ria.%22%7D%2C%7B%22cms_list_item%22%3A%22Manual%20de%20usuario.%20%22%7D%2C%7B%22cms_list_item%22%3A%22CD%20de%20instala%C3%A7%C3%A3o.%22%7D%2C%7B%22cms_list_item%22%3A%22Pasta%20para%20transfer%C3%AAncia.%22%7D%5D&#8221;][\/vc_column][\/vc_row][vc_row full_width=&#8221;stretch_row&#8221;][vc_column][vc_empty_space height=&#8221;80px&#8221;][vc_separator color=&#8221;turquoise&#8221; border_width=&#8221;7&#8243;][vc_separator color=&#8221;turquoise&#8221; border_width=&#8221;7&#8243;][\/vc_column][\/vc_row][vc_row css=&#8221;.vc_custom_1543245956697{padding-top: 20px !important;padding-bottom: 20px !important;}&#8221;][vc_column][vc_single_image image=&#8221;8902&#8243; img_size=&#8221;full&#8221;][\/vc_column][\/vc_row][vc_row full_width=&#8221;stretch_row&#8221;][vc_column][vc_separator color=&#8221;turquoise&#8221; border_width=&#8221;2&#8243;][vc_empty_space height=&#8221;25px&#8221;][vc_single_image image=&#8221;17715&#8243; img_size=&#8221;full&#8221; alignment=&#8221;center&#8221; el_class=&#8221;hidemobile&#8221;][vc_single_image image=&#8221;17718&#8243; img_size=&#8221;full&#8221; alignment=&#8221;center&#8221; css=&#8221;.vc_custom_1717713470849{margin-top: 60px !important;padding-bottom: 60px !important;}&#8221; el_class=&#8221;hidedesktop&#8221;][vc_empty_space height=&#8221;25px&#8221;][\/vc_column][\/vc_row][vc_row full_width=&#8221;stretch_row&#8221; css=&#8221;.vc_custom_1511116022131{background-color: #e8e8e8 !important;}&#8221;][vc_column][vc_empty_space height=&#8221;75px&#8221;][cms_heading hd_title=&#8221;TESTES REAIS EM ECUS DIESEL&#8221; text_align=&#8221;center&#8221; cms_template=&#8221;cms_heading&#8211;layout4.php&#8221;][vc_empty_space height=&#8221;100px&#8221;][\/vc_column][\/vc_row][vc_row full_width=&#8221;stretch_row&#8221; parallax=&#8221;content-moving&#8221; el_class=&#8221;bg-overlay&#8221; css=&#8221;.vc_custom_1584393599047{padding-top: 75px !important;padding-bottom: 110px !important;background-color: #222222 !important;}&#8221;][vc_column width=&#8221;1\/4&#8243;][cms_fancybox_single content_align=&#8221;center&#8221; title_item=&#8221;RELAT\u00d3RIO DE IMPRESS\u00c3O&#8221; description_item=&#8221;Ele gera um relat\u00f3rio para imprimir todas as fun\u00e7\u00f5es.&#8221; cms_template=&#8221;cms_fancybox_single&#8211;layout6.php&#8221;][\/vc_column][vc_column width=&#8221;1\/4&#8243;][cms_fancybox_single content_align=&#8221;center&#8221; title_item=&#8221;GR\u00c1FICO&#8221; description_item=&#8221;Gr\u00e1fico real -Time dos sensores a serem medidos, com seus valores m\u00ednimos e m\u00ednimos.&#8221; cms_template=&#8221;cms_fancybox_single&#8211;layout6.php&#8221;][\/vc_column][vc_column width=&#8221;1\/4&#8243;][cms_fancybox_single content_align=&#8221;center&#8221; title_item=&#8221;SENSORES&#8221; description_item=&#8221;O sistema pode ser selecionado para gerar a foto do sensor de RPM.&#8221; cms_template=&#8221;cms_fancybox_single&#8211;layout6.php&#8221;][\/vc_column][vc_column width=&#8221;1\/4&#8243;][cms_fancybox_single content_align=&#8221;center&#8221; title_item=&#8221;FUN\u00c7\u00d5ES&#8221; description_item=&#8221;Cada ECU para experimentar tem suas \u00fanicas fun\u00e7\u00f5es (injetores, igni\u00e7\u00e3o, etc.).&#8221; cms_template=&#8221;cms_fancybox_single&#8211;layout6.php&#8221;][\/vc_column][\/vc_row][vc_row el_id=&#8221;block360&#8243; css=&#8221;.vc_custom_1561992912685{margin-top: 0px !important;margin-bottom: 0px !important;padding-top: 0px !important;padding-bottom: 0px !important;}&#8221;][vc_column el_class=&#8221;mixclaro&#8221; css=&#8221;.vc_custom_1561992931138{margin-top: 0px !important;margin-bottom: 0px !important;padding-top: 0px !important;padding-bottom: 0px !important;}&#8221;][vc_column_text]<div id=\"threesixty-slider-9662_FNsh0g\" class=\"threesixty-loading threesixty-image threesixty-gray threesixty-flat-round threesixty-no-border\" style=\"width: 992px;\">\r\n\t<div class=\"threesixty-preview-9662_FNsh0g\"><img decoding=\"async\" class=\"threesixty-preview-image\" src=\"https:\/\/ceaelectronica.com\/wp-content\/uploads\/2019\/07\/48.jpg\"\/><\/div>\r\n\t<div class=\"threesixty-spinner threesixty-spinner-9662_FNsh0g\">\r\n\t\t<span>0%<\/span>\r\n\t<\/div>\r\n\t<ol class=\"threesixty-images threesixty-images-9662_FNsh0g\"><\/ol>\r\n\t\t<\/div>\r\n<!--SPV--><script type=\"text\/javascript\">\/\/SPV\r\n(function($) {\r\n\t\"use strict\";\r\n\t\tvar product_9662_FNsh0g = $('#threesixty-slider-9662_FNsh0g').ThreeSixty({\r\n\t\ttotalFrames: 48,\r\n\t\tendFrame: 0,\r\n\t\tcurrentFrame: 48,\r\n\t\timgList: '.threesixty-images-9662_FNsh0g',\r\n\t\tprogress: '.threesixty-spinner-9662_FNsh0g',\r\n\t\tpreview: '.threesixty-preview-9662_FNsh0g',\r\n\t\timages: ['https:\/\/ceaelectronica.com\/wp-content\/uploads\/2019\/07\/01.jpg','https:\/\/ceaelectronica.com\/wp-content\/uploads\/2019\/07\/02.jpg','https:\/\/ceaelectronica.com\/wp-content\/uploads\/2019\/07\/03.jpg','https:\/\/ceaelectronica.com\/wp-content\/uploads\/2019\/07\/04.jpg','https:\/\/ceaelectronica.com\/wp-content\/uploads\/2019\/07\/05.jpg','https:\/\/ceaelectronica.com\/wp-content\/uploads\/2019\/07\/06.jpg','https:\/\/ceaelectronica.com\/wp-content\/uploads\/2019\/07\/07.jpg','https:\/\/ceaelectronica.com\/wp-content\/uploads\/2019\/07\/08.jpg','https:\/\/ceaelectronica.com\/wp-content\/uploads\/2019\/07\/09.jpg','https:\/\/ceaelectronica.com\/wp-content\/uploads\/2019\/07\/10.jpg','https:\/\/ceaelectronica.com\/wp-content\/uploads\/2019\/07\/11.jpg','https:\/\/ceaelectronica.com\/wp-content\/uploads\/2019\/07\/12.jpg','https:\/\/ceaelectronica.com\/wp-content\/uploads\/2019\/07\/13.jpg','https:\/\/ceaelectronica.com\/wp-content\/uploads\/2019\/07\/14.jpg','https:\/\/ceaelectronica.com\/wp-content\/uploads\/2019\/07\/15.jpg','https:\/\/ceaelectronica.com\/wp-content\/uploads\/2019\/07\/16.jpg','https:\/\/ceaelectronica.com\/wp-content\/uploads\/2019\/07\/17.jpg','https:\/\/ceaelectronica.com\/wp-content\/uploads\/2019\/07\/18.jpg','https:\/\/ceaelectronica.com\/wp-content\/uploads\/2019\/07\/19.jpg','https:\/\/ceaelectronica.com\/wp-content\/uploads\/2019\/07\/20.jpg','https:\/\/ceaelectronica.com\/wp-content\/uploads\/2019\/07\/21.jpg','https:\/\/ceaelectronica.com\/wp-content\/uploads\/2019\/07\/22.jpg','https:\/\/ceaelectronica.com\/wp-content\/uploads\/2019\/07\/23.jpg','https:\/\/ceaelectronica.com\/wp-content\/uploads\/2019\/07\/24.jpg','https:\/\/ceaelectronica.com\/wp-content\/uploads\/2019\/07\/25.jpg','https:\/\/ceaelectronica.com\/wp-content\/uploads\/2019\/07\/26.jpg','https:\/\/ceaelectronica.com\/wp-content\/uploads\/2019\/07\/27.jpg','https:\/\/ceaelectronica.com\/wp-content\/uploads\/2019\/07\/28.jpg','https:\/\/ceaelectronica.com\/wp-content\/uploads\/2019\/07\/29.jpg','https:\/\/ceaelectronica.com\/wp-content\/uploads\/2019\/07\/30.jpg','https:\/\/ceaelectronica.com\/wp-content\/uploads\/2019\/07\/31.jpg','https:\/\/ceaelectronica.com\/wp-content\/uploads\/2019\/07\/32.jpg','https:\/\/ceaelectronica.com\/wp-content\/uploads\/2019\/07\/33.jpg','https:\/\/ceaelectronica.com\/wp-content\/uploads\/2019\/07\/34.jpg','https:\/\/ceaelectronica.com\/wp-content\/uploads\/2019\/07\/35.jpg','https:\/\/ceaelectronica.com\/wp-content\/uploads\/2019\/07\/36.jpg','https:\/\/ceaelectronica.com\/wp-content\/uploads\/2019\/07\/37.jpg','https:\/\/ceaelectronica.com\/wp-content\/uploads\/2019\/07\/38.jpg','https:\/\/ceaelectronica.com\/wp-content\/uploads\/2019\/07\/39.jpg','https:\/\/ceaelectronica.com\/wp-content\/uploads\/2019\/07\/40.jpg','https:\/\/ceaelectronica.com\/wp-content\/uploads\/2019\/07\/41.jpg','https:\/\/ceaelectronica.com\/wp-content\/uploads\/2019\/07\/42.jpg','https:\/\/ceaelectronica.com\/wp-content\/uploads\/2019\/07\/43.jpg','https:\/\/ceaelectronica.com\/wp-content\/uploads\/2019\/07\/44.jpg','https:\/\/ceaelectronica.com\/wp-content\/uploads\/2019\/07\/45.jpg','https:\/\/ceaelectronica.com\/wp-content\/uploads\/2019\/07\/46.jpg','https:\/\/ceaelectronica.com\/wp-content\/uploads\/2019\/07\/47.jpg','https:\/\/ceaelectronica.com\/wp-content\/uploads\/2019\/07\/48.jpg'],\r\n\t\theight: 0,\r\n\t\twidth: 992,\r\n\t\tnavigation: true,\r\n\t\tdrag: true,\r\n\t\tshowCursor: true,\r\n\t\tinterval: 40,\r\n\t\tspeedMultiplier: 7,\r\n\t\tmonitorInt: 10,\r\n\t\t\t\tonReady: function() {\r\n\t\t\t$(\"#threesixty-slider-9662_FNsh0g\").removeClass('threesixty-loading');\r\n\t\t\t\t\t\t\t\t}\r\n\t\t\t});\r\n\t\t\t}(jQuery));\r\n<\/script>[\/vc_column_text][\/vc_column][\/vc_row][vc_row full_width=&#8221;stretch_row&#8221; parallax=&#8221;content-moving&#8221; css=&#8221;.vc_custom_1584393652095{padding-top: 40px !important;background-color: #222222 !important;background-position: center;background-repeat: no-repeat !important;background-size: cover !important;}&#8221;][vc_column offset=&#8221;vc_col-lg-6 vc_col-md-6&#8243;][vc_empty_space height=&#8221;38px&#8221;][cms_heading hd_title=&#8221;FullDiesel&#8221; hd_title_color=&#8221;#ffffff&#8221; hd_description=&#8221;O FULLDIESEL \u00e9 um equipamento de testes direcionado ao mercado diesel; Funciona em conjunto com o FullProb e \u00e9 utilizado para realizar testes reais de ECU diesel em conjunto com o sistema imobilizador que o comp\u00f5e.&#8221; hd_style=&#8221;style3&#8243; cms_template=&#8221;cms_heading&#8211;layout3.php&#8221;][vc_empty_space height=&#8221;20px&#8221;][\/vc_column][vc_column offset=&#8221;vc_col-lg-6 vc_col-md-6&#8243;][vc_single_image image=&#8221;8909&#8243; img_size=&#8221;full&#8221;][\/vc_column][\/vc_row][vc_row full_width=&#8221;stretch_row&#8221; parallax=&#8221;content-moving&#8221; parallax_image=&#8221;24&#8243; el_class=&#8221;bg-overlay&#8221; css=&#8221;.vc_custom_1561584307764{padding-top: 100px !important;padding-bottom: 15px !important;background-color: #f9f9f9 !important;}&#8221; el_id=&#8221;cajavideos&#8221;][vc_column width=&#8221;1\/2&#8243; css=&#8221;.vc_custom_1510107300440{background-position: center !important;background-repeat: no-repeat !important;background-size: cover !important;}&#8221; offset=&#8221;vc_col-lg-6 vc_col-md-6&#8243;][cms_videopopup video_url=&#8221;https:\/\/www.youtube.com\/watch?v=qeMuRXbRb7w&#8221; video_intro=&#8221;17574&#8243;][vc_empty_space height=&#8221;10px&#8221;][vc_column_text]<\/p>\n<h6>FULLDIESEL \/ O que \u00e9 o Fulldiesel?<\/h6>\n<p>[\/vc_column_text][\/vc_column][vc_column width=&#8221;1\/2&#8243;][cms_videopopup video_url=&#8221;https:\/\/www.youtube.com\/watch?v=ZaG16U47diE&#8221; video_intro=&#8221;17587&#8243;][vc_empty_space height=&#8221;10px&#8221;][vc_column_text]<\/p>\n<h6>FULLDIESEL \/ Sinalizadores de testemunhas.<\/h6>\n<p>[\/vc_column_text][\/vc_column][\/vc_row][vc_row full_width=&#8221;stretch_row&#8221; parallax=&#8221;content-moving&#8221; parallax_image=&#8221;24&#8243; el_class=&#8221;bg-overlay&#8221; css=&#8221;.vc_custom_1561584339344{padding-top: 0px !important;padding-bottom: 100px !important;background-color: #f9f9f9 !important;}&#8221;][vc_column width=&#8221;1\/2&#8243; css=&#8221;.vc_custom_1510107300440{background-position: center !important;background-repeat: no-repeat !important;background-size: cover !important;}&#8221; offset=&#8221;vc_col-lg-6 vc_col-md-6&#8243;][cms_videopopup video_url=&#8221;https:\/\/www.youtube.com\/watch?v=2_KZ1OSB4tg&#8221; video_intro=&#8221;17593&#8243;][vc_empty_space height=&#8221;10px&#8221;][vc_column_text]<\/p>\n<h6>FULLDIESEL \/ Sistema armado.<\/h6>\n<p>[\/vc_column_text][\/vc_column][vc_column width=&#8221;1\/2&#8243;][cms_videopopup video_url=&#8221;https:\/\/www.youtube.com\/watch?v=0q4nCQKEmpY&#8221; video_intro=&#8221;17581&#8243;][vc_empty_space height=&#8221;10px&#8221;][vc_column_text]<\/p>\n<h6>FULLDIESEL \/ Tela de teste.<\/h6>\n<p>[\/vc_column_text][\/vc_column][\/vc_row][vc_row full_width=&#8221;stretch_row&#8221; parallax=&#8221;content-moving&#8221; parallax_speed_bg=&#8221;1.&#8221; css=&#8221;.vc_custom_1737477041419{background-color: #E8E8E8 !important;background-position: center;background-repeat: no-repeat;background-size:cover;}&#8221;][vc_column css=&#8221;.vc_custom_1480491028351{padding-top: 0px !important;}&#8221;][vc_empty_space height=&#8221;45px&#8221;][cms_button button_text=&#8221;COMPRAR FULLDIESEL&#8221; link_button=&#8221;url:https%3A%2F%2Fepic.net.ar%2Fproducto%2Ffulldiesel%2F|target:_blank&#8221; button_style=&#8221;btn-secondary-alt&#8221; button_size=&#8221;btn-lg&#8221; cms_template=&#8221;cms_button.php&#8221; el_class=&#8221;text-center&#8221;][vc_empty_space height=&#8221;45px&#8221;][\/vc_column][\/vc_row][vc_row full_width=&#8221;stretch_row&#8221; parallax=&#8221;content-moving&#8221; parallax_speed_bg=&#8221;1.&#8221; css=&#8221;.vc_custom_1510094863112{background-color: #10adbe !important;background-position: center;background-repeat: no-repeat !important;background-size: cover !important;}&#8221;][vc_column css=&#8221;.vc_custom_1480491028351{padding-top: 0px !important;}&#8221;][cms_cta cta_text=&#8221;Voc\u00ea est\u00e1 interessado nesta equipe? Por favor, entre em contato conosco!&#8221; button_text=&#8221;CONTATO&#8221; link_button=&#8221;url:https%3A%2F%2Fceaelectronica.com%2Fpt-br%2Fcontato%2F|title:Contato&#8221; button_style=&#8221;btn-white-alt&#8221; cms_template=&#8221;cms_cta.php&#8221;][\/vc_column][\/vc_row]<\/p>\n<\/div>","protected":false},"excerpt":{"rendered":"<p>[vc_row full_width=&#8221;stretch_row_content_no_spaces&#8221; content_placement=&#8221;middle&#8221;][vc_column][vc_single_image image=&#8221;8931&#8243; img_size=&#8221;full&#8221; alignment=&#8221;center&#8221;][\/vc_column][\/vc_row][vc_row full_width=&#8221;stretch_row&#8221; css=&#8221;.vc_custom_1511115992745{padding-bottom: 35px !important;background-color: #e8e8e8 !important;}&#8221;][vc_column][vc_column_text]O FULLDIESEL \u00e9 um equipamento de testes direcionado ao mercado diesel; Funciona em conjunto com o FullProb e \u00e9 utilizado para realizar testes reais de ECU diesel em conjunto com o sistema imobilizador que o comp\u00f5e. FullDiesel cont\u00e9m os chips FullProb padr\u00e3o e tamb\u00e9m [&hellip;]<\/p>\n","protected":false},"author":104,"featured_media":0,"parent":17150,"menu_order":67,"comment_status":"closed","ping_status":"closed","template":"filtro-diesel.php","meta":{"_acf_changed":false,"inline_featured_image":false,"footnotes":""},"class_list":["post-17154","page","type-page","status-publish","hentry"],"acf":[],"aioseo_notices":[],"_links":{"self":[{"href":"https:\/\/ceaelectronica.com\/pt-br\/wp-json\/wp\/v2\/pages\/17154","targetHints":{"allow":["GET"]}}],"collection":[{"href":"https:\/\/ceaelectronica.com\/pt-br\/wp-json\/wp\/v2\/pages"}],"about":[{"href":"https:\/\/ceaelectronica.com\/pt-br\/wp-json\/wp\/v2\/types\/page"}],"author":[{"embeddable":true,"href":"https:\/\/ceaelectronica.com\/pt-br\/wp-json\/wp\/v2\/users\/104"}],"replies":[{"embeddable":true,"href":"https:\/\/ceaelectronica.com\/pt-br\/wp-json\/wp\/v2\/comments?post=17154"}],"version-history":[{"count":9,"href":"https:\/\/ceaelectronica.com\/pt-br\/wp-json\/wp\/v2\/pages\/17154\/revisions"}],"predecessor-version":[{"id":18730,"href":"https:\/\/ceaelectronica.com\/pt-br\/wp-json\/wp\/v2\/pages\/17154\/revisions\/18730"}],"up":[{"embeddable":true,"href":"https:\/\/ceaelectronica.com\/pt-br\/wp-json\/wp\/v2\/pages\/17150"}],"wp:attachment":[{"href":"https:\/\/ceaelectronica.com\/pt-br\/wp-json\/wp\/v2\/media?parent=17154"}],"curies":[{"name":"wp","href":"https:\/\/api.w.org\/{rel}","templated":true}]}}