{"id":17971,"date":"2022-10-07T18:14:55","date_gmt":"2022-10-07T18:14:55","guid":{"rendered":"https:\/\/ceaelectronica.com\/produtos-cea\/miniprob\/"},"modified":"2025-01-23T21:49:56","modified_gmt":"2025-01-23T21:49:56","slug":"miniprob","status":"publish","type":"page","link":"https:\/\/ceaelectronica.com\/pt-br\/produtos-cea\/miniprob\/","title":{"rendered":"MiniProb"},"content":{"rendered":"<div class=\"wpb-content-wrapper\"><p>[vc_row full_width=&#8221;stretch_row&#8221; css=&#8221;.vc_custom_1511318737687{padding-bottom: 35px !important;background-color: #e8e8e8 !important;}&#8221;][vc_column css=&#8221;.vc_custom_1510325742238{padding-top: 35px !important;}&#8221;][vc_column_text]<span style=\"font-weight: 400;\">O miniPROB foi desenvolvido para ser um equipamento inovador; um hardware com conex\u00e3o Bluetooth conectado a um aplicativo de celular que, entre suas principais fun\u00e7\u00f5es, permite medi\u00e7\u00f5es nos computadores dos motores veiculares (ECU) atrav\u00e9s de seu hardware, al\u00e9m de possuir fun\u00e7\u00f5es de volt\u00edmetro e gerador de sinais CKP\/CMP, a convers\u00e3o do miniPROB \u00e9 uma ferramenta essencial para quem est\u00e1 iniciando no mundo do diagn\u00f3stico automotivo.<\/span>[\/vc_column_text][\/vc_column][\/vc_row][vc_row full_width=&#8221;stretch_row&#8221; css=&#8221;.vc_custom_1511319860259{padding-bottom: 35px !important;}&#8221;][vc_column css=&#8221;.vc_custom_1510325742238{padding-top: 35px !important;}&#8221;][vc_single_image image=&#8221;12674&#8243; img_size=&#8221;large&#8221; alignment=&#8221;center&#8221; css=&#8221;.vc_custom_1670278419976{padding-top: 50px !important;}&#8221;][vc_empty_space height=&#8221;50px&#8221;][vc_separator color=&#8221;turquoise&#8221; border_width=&#8221;2&#8243;][vc_empty_space height=&#8221;25px&#8221;][vc_single_image image=&#8221;18028&#8243; img_size=&#8221;full&#8221; alignment=&#8221;center&#8221; el_class=&#8221;hidemobile&#8221;][vc_single_image image=&#8221;18031&#8243; img_size=&#8221;full&#8221; alignment=&#8221;center&#8221; css=&#8221;.vc_custom_1719873298455{margin-top: 60px !important;padding-bottom: 60px !important;}&#8221; el_class=&#8221;hidedesktop&#8221;][vc_empty_space height=&#8221;25px&#8221;][vc_separator color=&#8221;turquoise&#8221; border_width=&#8221;2&#8243;][\/vc_column][\/vc_row][vc_row full_width=&#8221;stretch_row&#8221; css=&#8221;.vc_custom_1511319662143{background-color: #e8e8e8 !important;}&#8221;][vc_column][vc_empty_space height=&#8221;75px&#8221;][cms_heading hd_title=&#8221;UM FORTE ALIADO EM SUAS M\u00c3OS.&#8221; text_align=&#8221;center&#8221; cms_template=&#8221;cms_heading&#8211;layout4.php&#8221;][vc_empty_space height=&#8221;100px&#8221;][\/vc_column][\/vc_row][vc_row full_width=&#8221;stretch_row&#8221; css=&#8221;.vc_custom_1665163906049{background-color: #222222 !important;}&#8221;][vc_column width=&#8221;1\/2&#8243; css=&#8221;.vc_custom_1665537293892{padding-top: 0px !important;padding-bottom: 0px !important;}&#8221;][vc_empty_space height=&#8221;70px&#8221;][vc_column_text]<span style=\"font-weight: 400;\">Seu design pr\u00e1tico e interface intuitiva s\u00e3o ideais para testes em ve\u00edculos sem a necessidade de desarmar os m\u00f3dulos eletr\u00f4nicos.<\/span><\/p>\n<p><span style=\"font-weight: 400;\">Dados os avan\u00e7os tecnol\u00f3gicos e a incorpora\u00e7\u00e3o de novos sistemas; A equipe contar\u00e1 com atualiza\u00e7\u00f5es de software que poder\u00e3o ser adquiridas \u00e0 medida que forem disponibilizadas, permitindo enfrentar os novos desafios da eletr\u00f4nica automotiva.<\/span>[\/vc_column_text][vc_empty_space height=&#8221;70px&#8221; el_class=&#8221;sepdesktop&#8221;][vc_empty_space height=&#8221;15px&#8221; el_class=&#8221;sepmobile&#8221;][\/vc_column][vc_column width=&#8221;1\/2&#8243; css=&#8221;.vc_custom_1665537303295{padding-top: 0px !important;padding-bottom: 0px !important;}&#8221;][vc_empty_space height=&#8221;70px&#8221; el_class=&#8221;sepdesktop&#8221;][vc_column_text]<span style=\"font-weight: 400;\">Al\u00e9m disso, o miniPROB oferece um servi\u00e7o de assist\u00eancia \u00fanico e exclusivo. Caso pretenda adquirir o PLANO DE ASSIST\u00caNCIA T\u00c9CNICA, poder\u00e1 consultar o departamento t\u00e9cnico da CEA ELECTR\u00d4NICA AUTOMOTRIZ sobre os relat\u00f3rios obtidos durante os seus diagn\u00f3sticos, permitindo-lhe n\u00e3o s\u00f3 encontrar o problema, mas tamb\u00e9m orientar a repara\u00e7\u00e3o do mesmo.<\/span>[\/vc_column_text][vc_empty_space height=&#8221;70px&#8221;][\/vc_column][\/vc_row][vc_row full_width=&#8221;stretch_row_content_no_spaces&#8221; css=&#8221;.vc_custom_1665520467609{margin-top: 0px !important;margin-bottom: 0px !important;padding-top: 0px !important;padding-bottom: 0px !important;}&#8221;][vc_column parallax=&#8221;content-moving&#8221; css=&#8221;.vc_custom_1665520458369{margin-top: 0px !important;margin-bottom: 0px !important;padding-top: 0px !important;padding-bottom: 0px !important;}&#8221;][vc_single_image image=&#8221;12442&#8243; img_size=&#8221;full&#8221; alignment=&#8221;center&#8221; css=&#8221;.vc_custom_1665537466657{margin-top: 0px !important;margin-right: 0px !important;margin-bottom: 0px !important;margin-left: 0px !important;padding-top: 0px !important;padding-bottom: 0px !important;}&#8221; el_class=&#8221;imgfullwidth sepdesktop&#8221;][vc_single_image image=&#8221;12569&#8243; img_size=&#8221;full&#8221; alignment=&#8221;center&#8221; css=&#8221;.vc_custom_1665537584608{margin-top: 0px !important;margin-right: 0px !important;margin-bottom: 0px !important;margin-left: 0px !important;padding-top: 0px !important;padding-bottom: 0px !important;}&#8221; el_class=&#8221;imgfullwidth sepmobile&#8221;][\/vc_column][\/vc_row][vc_row full_width=&#8221;stretch_row&#8221; css=&#8221;.vc_custom_1511319662143{background-color: #e8e8e8 !important;}&#8221;][vc_column][vc_empty_space height=&#8221;75px&#8221;][cms_heading hd_title=&#8221;O miniPROB FOI DESENVOLVIDO COMO UM EQUIPAMENTO INOVADOR; UM HARDWARE DE CONEX\u00c3O BLUETOOTH CONECTADO A UM APLICATIVO DE CELULAR.&#8221; hd_fontsize_title=&#8221;26px&#8221; hd_lineheight_title=&#8221;36px&#8221; hd_title_color=&#8221;#4c808f&#8221; text_align=&#8221;center&#8221; cms_template=&#8221;cms_heading&#8211;layout4.php&#8221;][vc_empty_space height=&#8221;100px&#8221;][\/vc_column][\/vc_row][vc_row full_width=&#8221;stretch_row&#8221; css=&#8221;.vc_custom_1665173130578{border-top-width: 45px !important;border-bottom-width: 35px !important;background-color: #222222 !important;}&#8221;][vc_column width=&#8221;1\/3&#8243; css=&#8221;.vc_custom_1665536586795{padding-top: 0px !important;padding-bottom: 0px !important;}&#8221;][vc_empty_space height=&#8221;70px&#8221;][vc_single_image image=&#8221;12459&#8243; img_size=&#8221;100&#215;100&#8243; alignment=&#8221;center&#8221;][vc_empty_space height=&#8221;30px&#8221;][vc_column_text]<\/p>\n<p style=\"text-align: center;\"><strong>TESTES DE ECU<\/strong><\/p>\n<p>[\/vc_column_text][vc_empty_space height=&#8221;5px&#8221; el_class=&#8221;sepdesktop&#8221;][vc_column_text]<\/p>\n<p style=\"text-align: center;\"><span style=\"font-weight: 400;\">Esta fun\u00e7\u00e3o visa diagnosticar computadores automotivos.<\/span><\/p>\n<p>[\/vc_column_text][vc_empty_space height=&#8221;50px&#8221; el_class=&#8221;sepdesktop&#8221;][vc_empty_space height=&#8221;35px&#8221; el_class=&#8221;sepmobile&#8221;][\/vc_column][vc_column width=&#8221;1\/3&#8243; css=&#8221;.vc_custom_1665536598500{padding-top: 0px !important;padding-bottom: 0px !important;}&#8221;][vc_empty_space height=&#8221;70px&#8221; el_class=&#8221;sepdesktop&#8221;][vc_single_image image=&#8221;12458&#8243; img_size=&#8221;100&#215;100&#8243; alignment=&#8221;center&#8221;][vc_empty_space height=&#8221;30px&#8221;][vc_column_text]<\/p>\n<p style=\"text-align: center;\"><strong>VOLT\u00cdMETRO<\/strong><\/p>\n<p>[\/vc_column_text][vc_empty_space height=&#8221;5px&#8221; el_class=&#8221;sepdesktop&#8221;][vc_column_text]<\/p>\n<p style=\"text-align: center;\"><span style=\"font-weight: 400;\">Esta fun\u00e7\u00e3o permite medir tens\u00f5es em circuitos el\u00e9tricos.<\/span><\/p>\n<p>[\/vc_column_text][vc_empty_space height=&#8221;50px&#8221; el_class=&#8221;sepdesktop&#8221;][vc_empty_space height=&#8221;35px&#8221; el_class=&#8221;sepmobile&#8221;][\/vc_column][vc_column width=&#8221;1\/3&#8243; css=&#8221;.vc_custom_1665536609184{padding-top: 0px !important;padding-bottom: 0px !important;}&#8221;][vc_empty_space height=&#8221;70px&#8221; el_class=&#8221;sepdesktop&#8221;][vc_single_image image=&#8221;12457&#8243; img_size=&#8221;100&#215;100&#8243; alignment=&#8221;center&#8221;][vc_empty_space height=&#8221;30px&#8221;][vc_column_text]<\/p>\n<p style=\"text-align: center;\"><strong>CKP\/CMP<\/strong><\/p>\n<p>[\/vc_column_text][vc_empty_space height=&#8221;5px&#8221; el_class=&#8221;sepdesktop&#8221;][vc_column_text]<\/p>\n<p style=\"text-align: center;\">Esta fun\u00e7\u00e3o permite gerar disparos de sincroniza\u00e7\u00e3o para diagnosticar o funcionamento completo da inje\u00e7\u00e3o eletr\u00f4nica do ve\u00edculo.<\/p>\n<p style=\"text-align: center;\">Tamb\u00e9m ser\u00e1 poss\u00edvel testar a fun\u00e7\u00e3o RPM no painel de instrumentos.<\/p>\n<p>[\/vc_column_text][vc_empty_space height=&#8221;70px&#8221; el_class=&#8221;sepdesktop&#8221;][vc_empty_space height=&#8221;55px&#8221; el_class=&#8221;sepmobile&#8221;][\/vc_column][\/vc_row][vc_row full_width=&#8221;stretch_row&#8221; content_placement=&#8221;middle&#8221; parallax=&#8221;content-moving&#8221; parallax_speed_bg=&#8221;1.&#8221; css=&#8221;.vc_custom_1665457893106{background-position: center;background-repeat: no-repeat !important;background-size: cover !important;}&#8221;][vc_column css=&#8221;.vc_custom_1480491028351{padding-top: 0px !important;}&#8221;][vc_separator color=&#8221;white&#8221;][\/vc_column][\/vc_row][vc_row full_width=&#8221;stretch_row&#8221; css=&#8221;.vc_custom_1665461199041{border-top-width: 60px !important;border-bottom-width: 200px !important;background-color: #222222 !important;}&#8221;][vc_column width=&#8221;1\/5&#8243; css=&#8221;.vc_custom_1665536877267{padding-top: 0px !important;padding-bottom: 0px !important;}&#8221;][vc_empty_space height=&#8221;70px&#8221;][vc_single_image image=&#8221;18048&#8243; img_size=&#8221;160&#215;85&#8243; alignment=&#8221;center&#8221;][vc_empty_space height=&#8221;50px&#8221;][\/vc_column][vc_column width=&#8221;1\/5&#8243; css=&#8221;.vc_custom_1665536867462{padding-top: 0px !important;padding-bottom: 0px !important;}&#8221;][vc_empty_space height=&#8221;70px&#8221; el_class=&#8221;sepdesktop&#8221;][vc_single_image image=&#8221;18045&#8243; img_size=&#8221;160&#215;85&#8243; alignment=&#8221;center&#8221;][vc_empty_space height=&#8221;50px&#8221;][\/vc_column][vc_column width=&#8221;1\/5&#8243; css=&#8221;.vc_custom_1665536853446{padding-top: 0px !important;padding-bottom: 0px !important;}&#8221;][vc_empty_space height=&#8221;70px&#8221; el_class=&#8221;sepdesktop&#8221;][vc_single_image image=&#8221;18042&#8243; img_size=&#8221;160&#215;85&#8243; alignment=&#8221;center&#8221;][vc_empty_space height=&#8221;50px&#8221;][\/vc_column][vc_column width=&#8221;1\/5&#8243; css=&#8221;.vc_custom_1665536842074{padding-top: 0px !important;padding-bottom: 0px !important;}&#8221;][vc_empty_space height=&#8221;70px&#8221; el_class=&#8221;sepdesktop&#8221;][vc_single_image image=&#8221;18039&#8243; img_size=&#8221;160&#215;85&#8243; alignment=&#8221;center&#8221;][vc_empty_space height=&#8221;50px&#8221;][\/vc_column][vc_column width=&#8221;1\/5&#8243; css=&#8221;.vc_custom_1665536832443{padding-top: 0px !important;padding-bottom: 0px !important;}&#8221;][vc_empty_space height=&#8221;70px&#8221; el_class=&#8221;sepdesktop&#8221;][vc_single_image image=&#8221;18036&#8243; img_size=&#8221;160&#215;85&#8243; alignment=&#8221;center&#8221;][vc_empty_space height=&#8221;70px&#8221;][\/vc_column][\/vc_row][vc_row full_width=&#8221;stretch_row&#8221; content_placement=&#8221;middle&#8221; parallax=&#8221;content-moving&#8221; parallax_speed_bg=&#8221;1.&#8221; css=&#8221;.vc_custom_1665457893106{background-position: center;background-repeat: no-repeat;background-size: cover !important;}&#8221;][vc_column css=&#8221;.vc_custom_1480491028351{padding-top: 0px !important;}&#8221;][vc_empty_space height=&#8221;55px&#8221;][vc_row_inner css=&#8221;.vc_custom_1669242300617{margin-top: 0px !important;margin-bottom: 0px !important;padding-top: 0px !important;padding-bottom: 0px !important;}&#8221;][vc_column_inner el_class=&#8221;botoneslinea&#8221; css=&#8221;.vc_custom_1669242327944{margin-top: 0px !important;margin-bottom: 0px !important;padding-top: 0px !important;padding-bottom: 0px !important;}&#8221;][vc_btn title=&#8221;MANUAL MINIPROB&#8221; color=&#8221;black&#8221; size=&#8221;lg&#8221; align=&#8221;center&#8221; link=&#8221;url:https%3A%2F%2Fceaelectronica.com%2Fwp-content%2Fuploads%2F2022%2Fmanuales%2FManual-miniProb.pdf&#8221;][vc_btn title=&#8221;COBERTURA COMPLETA MINIPROB&#8221; color=&#8221;black&#8221; size=&#8221;lg&#8221; align=&#8221;center&#8221; link=&#8221;url:https%3A%2F%2Fceaelectronica.com%2Fcobertura-completa-miniprob%2F|title:Cobertura%20completa%20MiniProb&#8221;][\/vc_column_inner][\/vc_row_inner][vc_empty_space height=&#8221;35px&#8221;][\/vc_column][\/vc_row][vc_row full_width=&#8221;stretch_row&#8221; parallax=&#8221;content-moving&#8221; css=&#8221;.vc_custom_1584466788138{padding-top: 40px !important;background-color: #222222 !important;background-position: center;background-repeat: no-repeat !important;background-size: cover !important;}&#8221;][vc_column offset=&#8221;vc_col-lg-6 vc_col-md-6&#8243;][vc_empty_space height=&#8221;38px&#8221;][cms_heading hd_title=&#8221;MiniProb&#8221; hd_title_color=&#8221;#ffffff&#8221; hd_description=&#8221;O miniPROB foi projetado como um equipamento inovador; um hardware com conex\u00e3o Bluetooth conectado a um aplicativo de celular que, entre suas principais fun\u00e7\u00f5es, permite realizar medi\u00e7\u00f5es em computadores de motores (ECU).&#8221; hd_style=&#8221;style3&#8243; cms_template=&#8221;cms_heading&#8211;layout3.php&#8221;][cms_button button_text=&#8221;CONTACTO&#8221; link_button=&#8221;url:%2Fcontacto|||&#8221; button_style=&#8221;btn-white-alt&#8221; button_size=&#8221;btn-md&#8221; cms_template=&#8221;cms_button.php&#8221;][vc_empty_space height=&#8221;20px&#8221;][\/vc_column][vc_column offset=&#8221;vc_col-lg-6 vc_col-md-6&#8243;][vc_single_image image=&#8221;12676&#8243; img_size=&#8221;full&#8221;][\/vc_column][\/vc_row][vc_row full_width=&#8221;stretch_row&#8221; parallax=&#8221;content-moving&#8221; parallax_speed_bg=&#8221;1.&#8221; css=&#8221;.vc_custom_1737477041419{background-color: #E8E8E8 !important;background-position: center;background-repeat: no-repeat;background-size:cover !important;}&#8221;][vc_column css=&#8221;.vc_custom_1480491028351{padding-top: 0px !important;}&#8221;][vc_empty_space height=&#8221;45px&#8221;][cms_videopopup video_url=&#8221;https:\/\/www.youtube.com\/watch?v=iKvF4i38M7U&#8221; video_intro=&#8221;18713&#8243;][vc_empty_space height=&#8221;45px&#8221;][\/vc_column][\/vc_row][vc_row full_width=&#8221;stretch_row_content_no_spaces&#8221; parallax=&#8221;content-moving&#8221; parallax_speed_bg=&#8221;1.&#8221; css=&#8221;.vc_custom_1737665529342{background-color: #E8E8E8 !important;background-position: 0 0;background-repeat:-repeat !important;}&#8221;][vc_column css=&#8221;.vc_custom_1480491028351{padding-top: 0px !important;}&#8221;][vc_separator color=&#8221;black&#8221; css=&#8221;&#8221;][vc_empty_space height=&#8221;45px&#8221;][cms_button button_text=&#8221;COMPRAR MINIPROB&#8221; link_button=&#8221;url:https%3A%2F%2Fepic.net.ar%2Fproducto%2Fminiprob-full-equipo-de-diagnostico-para-vehiculos%2F|target:_blank&#8221; button_style=&#8221;btn-secondary-alt&#8221; button_size=&#8221;btn-lg&#8221; cms_template=&#8221;cms_button.php&#8221; el_class=&#8221;text-center&#8221;][vc_empty_space height=&#8221;45px&#8221;][\/vc_column][\/vc_row][vc_row full_width=&#8221;stretch_row&#8221; parallax=&#8221;content-moving&#8221; parallax_speed_bg=&#8221;1.&#8221; css=&#8221;.vc_custom_1510094863112{background-color: #10adbe !important;background-position: center;background-repeat: no-repeat;background-size: cover !important;}&#8221;][vc_column css=&#8221;.vc_custom_1480491028351{padding-top: 0px !important;}&#8221;][cms_cta cta_text=&#8221;Voc\u00ea est\u00e1 interessado em nossos servi\u00e7os? Por favor, entre em contato conosco!&#8221; button_text=&#8221;CONTATO&#8221; link_button=&#8221;url:https%3A%2F%2Fceaelectronica.com%2Fpt-br%2Fcontato%2F&#8221; button_style=&#8221;btn-white-alt&#8221; cms_template=&#8221;cms_cta.php&#8221;][\/vc_column][\/vc_row]<\/p>\n<\/div>","protected":false},"excerpt":{"rendered":"<p>[vc_row full_width=&#8221;stretch_row&#8221; css=&#8221;.vc_custom_1511318737687{padding-bottom: 35px !important;background-color: #e8e8e8 !important;}&#8221;][vc_column css=&#8221;.vc_custom_1510325742238{padding-top: 35px !important;}&#8221;][vc_column_text]O miniPROB foi desenvolvido para ser um equipamento inovador; um hardware com conex\u00e3o Bluetooth conectado a um aplicativo de celular que, entre suas principais fun\u00e7\u00f5es, permite medi\u00e7\u00f5es nos computadores dos motores veiculares (ECU) atrav\u00e9s de seu hardware, al\u00e9m de possuir fun\u00e7\u00f5es de volt\u00edmetro e gerador de [&hellip;]<\/p>\n","protected":false},"author":104,"featured_media":0,"parent":17150,"menu_order":101,"comment_status":"closed","ping_status":"closed","template":"","meta":{"_acf_changed":false,"inline_featured_image":false,"footnotes":""},"class_list":["post-17971","page","type-page","status-publish","hentry"],"acf":[],"aioseo_notices":[],"_links":{"self":[{"href":"https:\/\/ceaelectronica.com\/pt-br\/wp-json\/wp\/v2\/pages\/17971","targetHints":{"allow":["GET"]}}],"collection":[{"href":"https:\/\/ceaelectronica.com\/pt-br\/wp-json\/wp\/v2\/pages"}],"about":[{"href":"https:\/\/ceaelectronica.com\/pt-br\/wp-json\/wp\/v2\/types\/page"}],"author":[{"embeddable":true,"href":"https:\/\/ceaelectronica.com\/pt-br\/wp-json\/wp\/v2\/users\/104"}],"replies":[{"embeddable":true,"href":"https:\/\/ceaelectronica.com\/pt-br\/wp-json\/wp\/v2\/comments?post=17971"}],"version-history":[{"count":13,"href":"https:\/\/ceaelectronica.com\/pt-br\/wp-json\/wp\/v2\/pages\/17971\/revisions"}],"predecessor-version":[{"id":18744,"href":"https:\/\/ceaelectronica.com\/pt-br\/wp-json\/wp\/v2\/pages\/17971\/revisions\/18744"}],"up":[{"embeddable":true,"href":"https:\/\/ceaelectronica.com\/pt-br\/wp-json\/wp\/v2\/pages\/17150"}],"wp:attachment":[{"href":"https:\/\/ceaelectronica.com\/pt-br\/wp-json\/wp\/v2\/media?parent=17971"}],"curies":[{"name":"wp","href":"https:\/\/api.w.org\/{rel}","templated":true}]}}