{"id":18087,"date":"2024-07-02T22:17:10","date_gmt":"2024-07-02T22:17:10","guid":{"rendered":"https:\/\/ceaelectronica.com\/?page_id=18087"},"modified":"2025-01-23T21:25:09","modified_gmt":"2025-01-23T21:25:09","slug":"inmobx","status":"publish","type":"page","link":"https:\/\/ceaelectronica.com\/pt-br\/inmobx\/","title":{"rendered":"Inmobox"},"content":{"rendered":"<div class=\"wpb-content-wrapper\"><p>[vc_row full_width=&#8221;stretch_row&#8221; css=&#8221;.vc_custom_1511218692954{padding-bottom: 35px !important;}&#8221;][vc_column][vc_empty_space height=&#8221;35px&#8221;][\/vc_column][\/vc_row][vc_row full_width=&#8221;stretch_row&#8221; css=&#8221;.vc_custom_1510322119309{margin-top: -4px !important;}&#8221;][vc_column][vc_single_image image=&#8221;17892&#8243; img_size=&#8221;full&#8221; alignment=&#8221;center&#8221;][vc_empty_space height=&#8221;65px&#8221;][vc_separator color=&#8221;turquoise&#8221; border_width=&#8221;2&#8243;][vc_empty_space height=&#8221;70px&#8221;][\/vc_column][\/vc_row][vc_row full_width=&#8221;stretch_row&#8221; css=&#8221;.vc_custom_1510322119309{margin-top: -4px !important;}&#8221;][vc_column width=&#8221;1\/3&#8243;][vc_custom_heading text=&#8221;InmoBox&#8221; font_container=&#8221;tag:h6|font_size:20px|text_align:left|color:%23222222|line_height:28px&#8221; use_theme_fonts=&#8221;yes&#8221;][vc_column_text]<span style=\"font-weight: 400;\">O INMOBOX \u00e9 um dispositivo que deve ser conectado ao FullProb e serve para interligar todos os M\u00f3dulos que comp\u00f5em a fun\u00e7\u00e3o Imobilizador.<\/span><\/p>\n<p><span style=\"font-weight: 400;\">O InmoBox gerencia as conex\u00f5es atrav\u00e9s de seu hardware interno e indica o funcionamento das diferentes comunica\u00e7\u00f5es atrav\u00e9s dos indicadores encontrados em sua parte frontal.<\/span>[\/vc_column_text][\/vc_column][vc_column width=&#8221;1\/3&#8243;][vc_custom_heading text=&#8221;Como surgiu a InmoBox?&#8221; font_container=&#8221;tag:h6|font_size:20px|text_align:left|color:%23222222|line_height:28px&#8221; use_theme_fonts=&#8221;yes&#8221;][cms_list list_style=&#8221;list-style2&#8243; cms_list=&#8221;%5B%7B%22cms_list_item%22%3A%22Precisa%20testar%20o%20sistema%20original.%22%7D%2C%7B%22cms_list_item%22%3A%22N%C3%A3o%20desmobilize.%22%7D%2C%7B%22cms_list_item%22%3A%22Caminho%20para%20a%20programa%C3%A7%C3%A3o%20principal.%22%7D%2C%7B%22cms_list_item%22%3A%22Emparelhamentos.%22%7D%5D&#8221;][\/vc_column][vc_column width=&#8221;1\/3&#8243;][vc_custom_heading text=&#8221;FUN\u00c7\u00d5ES QUE ANALISA&#8221; font_container=&#8221;tag:h6|font_size:20px|text_align:left|color:%23222222|line_height:28px&#8221; use_theme_fonts=&#8221;yes&#8221;][cms_list list_style=&#8221;list-style2&#8243; cms_list=&#8221;%5B%7B%22cms_list_item%22%3A%22Linha%20W.%22%7D%2C%7B%22cms_list_item%22%3A%22Linha%20K.%22%7D%2C%7B%22cms_list_item%22%3A%22Linha%20L.%22%7D%2C%7B%22cms_list_item%22%3A%22CAN%20H%2B.%22%7D%2C%7B%22cms_list_item%22%3A%22CAN%20L%2B.%22%7D%2C%7B%22cms_list_item%22%3A%22Luz%20de%20Check.%22%7D%2C%7B%22cms_list_item%22%3A%22Luz%20de%20Code.%22%7D%2C%7B%22cms_list_item%22%3A%22Antena.%22%7D%5D&#8221;][\/vc_column][\/vc_row][vc_row full_width=&#8221;stretch_row&#8221;][vc_column][vc_empty_space height=&#8221;60px&#8221;][vc_separator color=&#8221;turquoise&#8221; border_width=&#8221;2&#8243;][vc_empty_space height=&#8221;40px&#8221;][\/vc_column][\/vc_row][vc_row full_width=&#8221;stretch_row&#8221;][vc_column][vc_single_image image=&#8221;8213&#8243; img_size=&#8221;2300&#215;736&#8243; alignment=&#8221;center&#8221;][vc_empty_space][vc_separator color=&#8221;turquoise&#8221; border_width=&#8221;2&#8243;][vc_empty_space height=&#8221;25px&#8221;][vc_single_image image=&#8221;18097&#8243; img_size=&#8221;full&#8221; alignment=&#8221;center&#8221; el_class=&#8221;hidemobile&#8221;][vc_single_image image=&#8221;18100&#8243; img_size=&#8221;full&#8221; alignment=&#8221;center&#8221; css=&#8221;.vc_custom_1719959012928{margin-top: 60px !important;padding-bottom: 60px !important;}&#8221; el_class=&#8221;hidedesktop&#8221;][vc_empty_space height=&#8221;25px&#8221;][vc_separator color=&#8221;turquoise&#8221; border_width=&#8221;2&#8243;][vc_empty_space height=&#8221;34px&#8221;][\/vc_column][\/vc_row][vc_row full_width=&#8221;stretch_row&#8221; css=&#8221;.vc_custom_1511218259933{background-color: #e8e8e8 !important;}&#8221;][vc_column][vc_empty_space height=&#8221;75px&#8221;][cms_heading hd_title=&#8221;\u00c9 utilizado para interligar todos os m\u00f3dulos que comp\u00f5em a fun\u00e7\u00e3o imobilizador.&#8221; text_align=&#8221;center&#8221; cms_template=&#8221;cms_heading&#8211;layout4.php&#8221;][vc_empty_space height=&#8221;100px&#8221;][\/vc_column][\/vc_row][vc_row full_width=&#8221;stretch_row&#8221; parallax=&#8221;content-moving&#8221; css=&#8221;.vc_custom_1584395141841{padding-top: 40px !important;background-color: #222222 !important;background-position: center;background-repeat: no-repeat !important;background-size: cover !important;}&#8221;][vc_column offset=&#8221;vc_col-lg-6 vc_col-md-6&#8243;][vc_empty_space height=&#8221;38px&#8221;][cms_heading hd_title=&#8221;InmoBox&#8221; hd_title_color=&#8221;#ffffff&#8221; hd_description=&#8221;Linha W.<br \/>\nLinha K.<br \/>\nLinha L.<br \/>\nCAN H+.<br \/>\nCAN L+.<br \/>\nLuz de Check.<br \/>\nLuz de Code.<br \/>\nAntena.&#8221; hd_style=&#8221;style3&#8243; cms_template=&#8221;cms_heading&#8211;layout3.php&#8221;][cms_button button_text=&#8221;CONTATO&#8221; link_button=&#8221;url:https%3A%2F%2Fceaelectronica.com%2Fpt-br%2Fcontato%2F&#8221; button_style=&#8221;btn-white-alt&#8221; button_size=&#8221;btn-md&#8221; cms_template=&#8221;cms_button.php&#8221;][vc_empty_space height=&#8221;20px&#8221;][\/vc_column][vc_column offset=&#8221;vc_col-lg-6 vc_col-md-6&#8243;][vc_single_image image=&#8221;8212&#8243; img_size=&#8221;full&#8221;][\/vc_column][\/vc_row][vc_row full_width=&#8221;stretch_row&#8221; parallax=&#8221;content-moving&#8221; parallax_image=&#8221;24&#8243; el_class=&#8221;bg-overlay&#8221; css=&#8221;.vc_custom_1561585538351{padding-top: 100px !important;padding-bottom: 15px !important;background-color: #f9f9f9 !important;}&#8221;][vc_column width=&#8221;1\/2&#8243;][cms_videopopup video_url=&#8221;https:\/\/www.youtube.com\/watch?v=-h7pZutnAlM&#8221; video_intro=&#8221;9652&#8243;][vc_empty_space height=&#8221;10px&#8221;][vc_column_text]<\/p>\n<h6>INMOBOX \/ O que \u00e9 Inmobox?<\/h6>\n<p>[\/vc_column_text][\/vc_column][vc_column width=&#8221;1\/2&#8243;][cms_videopopup video_url=&#8221;https:\/\/www.youtube.com\/watch?v=SZn0LMvJGKc&#8221; video_intro=&#8221;9650&#8243;][vc_empty_space height=&#8221;10px&#8221;][vc_column_text]<\/p>\n<h6>\u00a0INMOBOX \/ Conte\u00fado da equipe.<\/h6>\n<p>[\/vc_column_text][\/vc_column][\/vc_row][vc_row full_width=&#8221;stretch_row&#8221; parallax=&#8221;content-moving&#8221; parallax_image=&#8221;24&#8243; el_class=&#8221;bg-overlay&#8221; css=&#8221;.vc_custom_1561585626154{padding-top: 15px !important;padding-bottom: 142px !important;background-color: #f9f9f9 !important;}&#8221;][vc_column width=&#8221;1\/2&#8243;][cms_videopopup video_url=&#8221;https:\/\/www.youtube.com\/watch?v=44Zdy3h-I64&#8243; video_intro=&#8221;9651&#8243;][vc_empty_space height=&#8221;10px&#8221;][vc_column_text]<\/p>\n<h6>INMOBOX \/ Apresenta\u00e7\u00e3o do equipamento e suas pe\u00e7as.<\/h6>\n<p>[\/vc_column_text][\/vc_column][vc_column width=&#8221;1\/2&#8243;][\/vc_column][\/vc_row][vc_row full_width=&#8221;stretch_row&#8221; parallax=&#8221;content-moving&#8221; parallax_speed_bg=&#8221;1.&#8221; css=&#8221;.vc_custom_1737477041419{background-color: #E8E8E8 !important;background-position: center;background-repeat: no-repeat;background-size:cover;}&#8221;][vc_column css=&#8221;.vc_custom_1480491028351{padding-top: 0px !important;}&#8221;][vc_empty_space height=&#8221;45px&#8221;][cms_button button_text=&#8221;COMPRAR INMOBOX&#8221; link_button=&#8221;url:https%3A%2F%2Fepic.net.ar%2Fproducto%2Finmobox-cea%2F|target:_blank&#8221; button_style=&#8221;btn-secondary-alt&#8221; button_size=&#8221;btn-lg&#8221; cms_template=&#8221;cms_button.php&#8221; el_class=&#8221;text-center&#8221;][vc_empty_space height=&#8221;45px&#8221;][\/vc_column][\/vc_row][vc_row full_width=&#8221;stretch_row&#8221; parallax=&#8221;content-moving&#8221; parallax_speed_bg=&#8221;1.&#8221; css=&#8221;.vc_custom_1510094863112{background-color: #10adbe !important;background-position: center;background-repeat: no-repeat !important;background-size: cover !important;}&#8221;][vc_column css=&#8221;.vc_custom_1480491028351{padding-top: 0px !important;}&#8221;][cms_cta cta_text=&#8221;Voc\u00ea est\u00e1 interessado nesta solu\u00e7\u00e3o? Por favor, entre em contato conosco!&#8221; button_text=&#8221;CONTATO&#8221; link_button=&#8221;url:https%3A%2F%2Fceaelectronica.com%2Fpt-br%2Fcontato%2F&#8221; button_style=&#8221;btn-white-alt&#8221; cms_template=&#8221;cms_cta.php&#8221;][\/vc_column][\/vc_row]<\/p>\n<\/div>","protected":false},"excerpt":{"rendered":"<p>[vc_row full_width=&#8221;stretch_row&#8221; css=&#8221;.vc_custom_1511218692954{padding-bottom: 35px !important;}&#8221;][vc_column][vc_empty_space height=&#8221;35px&#8221;][\/vc_column][\/vc_row][vc_row full_width=&#8221;stretch_row&#8221; css=&#8221;.vc_custom_1510322119309{margin-top: -4px !important;}&#8221;][vc_column][vc_single_image image=&#8221;17892&#8243; img_size=&#8221;full&#8221; alignment=&#8221;center&#8221;][vc_empty_space height=&#8221;65px&#8221;][vc_separator color=&#8221;turquoise&#8221; border_width=&#8221;2&#8243;][vc_empty_space height=&#8221;70px&#8221;][\/vc_column][\/vc_row][vc_row full_width=&#8221;stretch_row&#8221; css=&#8221;.vc_custom_1510322119309{margin-top: -4px !important;}&#8221;][vc_column width=&#8221;1\/3&#8243;][vc_custom_heading text=&#8221;InmoBox&#8221; font_container=&#8221;tag:h6|font_size:20px|text_align:left|color:%23222222|line_height:28px&#8221; use_theme_fonts=&#8221;yes&#8221;][vc_column_text]O INMOBOX \u00e9 um dispositivo que deve ser conectado ao FullProb e serve para interligar todos os M\u00f3dulos que comp\u00f5em a fun\u00e7\u00e3o Imobilizador. O InmoBox gerencia as conex\u00f5es atrav\u00e9s de seu [&hellip;]<\/p>\n","protected":false},"author":104,"featured_media":0,"parent":0,"menu_order":91,"comment_status":"closed","ping_status":"closed","template":"","meta":{"_acf_changed":false,"inline_featured_image":false,"footnotes":""},"class_list":["post-18087","page","type-page","status-publish","hentry"],"acf":[],"aioseo_notices":[],"_links":{"self":[{"href":"https:\/\/ceaelectronica.com\/pt-br\/wp-json\/wp\/v2\/pages\/18087","targetHints":{"allow":["GET"]}}],"collection":[{"href":"https:\/\/ceaelectronica.com\/pt-br\/wp-json\/wp\/v2\/pages"}],"about":[{"href":"https:\/\/ceaelectronica.com\/pt-br\/wp-json\/wp\/v2\/types\/page"}],"author":[{"embeddable":true,"href":"https:\/\/ceaelectronica.com\/pt-br\/wp-json\/wp\/v2\/users\/104"}],"replies":[{"embeddable":true,"href":"https:\/\/ceaelectronica.com\/pt-br\/wp-json\/wp\/v2\/comments?post=18087"}],"version-history":[{"count":9,"href":"https:\/\/ceaelectronica.com\/pt-br\/wp-json\/wp\/v2\/pages\/18087\/revisions"}],"predecessor-version":[{"id":18735,"href":"https:\/\/ceaelectronica.com\/pt-br\/wp-json\/wp\/v2\/pages\/18087\/revisions\/18735"}],"wp:attachment":[{"href":"https:\/\/ceaelectronica.com\/pt-br\/wp-json\/wp\/v2\/media?parent=18087"}],"curies":[{"name":"wp","href":"https:\/\/api.w.org\/{rel}","templated":true}]}}